{"id":40,"date":"2021-06-30T20:14:32","date_gmt":"2021-06-30T23:14:32","guid":{"rendered":"https:\/\/brugotther.cl\/casasazocar\/?page_id=40"},"modified":"2022-06-06T17:26:25","modified_gmt":"2022-06-06T20:26:25","slug":"altos-de-lircay","status":"publish","type":"page","link":"https:\/\/brugotther.cl\/casasazocar\/index.php\/altos-de-lircay\/","title":{"rendered":"ALTOS DE LIRCAY"},"content":{"rendered":"\t\t<div data-elementor-type=\"wp-page\" data-elementor-id=\"40\" class=\"elementor elementor-40\">\n\t\t\t\t\t\t\t\t\t<header class=\"has_ma_el_bg_slider elementor-section elementor-top-section elementor-element elementor-element-1d916e8 elementor-section-height-min-height elementor-section-content-middle elementor-section-boxed elementor-section-height-default elementor-section-items-middle jltma-glass-effect-no\" data-id=\"1d916e8\" data-element_type=\"section\" data-settings=\"{&quot;background_background&quot;:&quot;classic&quot;}\">\n\t\t\t\t\t\t\t<div class=\"elementor-background-overlay\"><\/div>\n\t\t\t\t\t\t\t<div class=\"elementor-container elementor-column-gap-default\">\n\t\t\t\t\t<div class=\"has_ma_el_bg_slider elementor-column elementor-col-100 elementor-top-column elementor-element elementor-element-9e33aa7 jltma-glass-effect-no\" data-id=\"9e33aa7\" data-element_type=\"column\">\n\t\t\t<div class=\"elementor-widget-wrap elementor-element-populated\">\n\t\t\t\t\t\t\t\t<div class=\"elementor-element elementor-element-3e46ef7 jltma-glass-effect-no elementor-widget elementor-widget-heading\" data-id=\"3e46ef7\" data-element_type=\"widget\" data-widget_type=\"heading.default\">\n\t\t\t\t<div class=\"elementor-widget-container\">\n\t\t\t<h3 class=\"elementor-heading-title elementor-size-large\">Nuestras<\/h3>\t\t<\/div>\n\t\t\t\t<\/div>\n\t\t\t\t<div class=\"elementor-element elementor-element-3aa4ab3 jltma-glass-effect-no elementor-widget elementor-widget-heading\" data-id=\"3aa4ab3\" data-element_type=\"widget\" data-widget_type=\"heading.default\">\n\t\t\t\t<div class=\"elementor-widget-container\">\n\t\t\t<h1 class=\"elementor-heading-title elementor-size-xxl\">Casas<\/h1>\t\t<\/div>\n\t\t\t\t<\/div>\n\t\t\t\t\t<\/div>\n\t\t<\/div>\n\t\t\t\t\t\t\t<\/div>\n\t\t<\/header>\n\t\t\t\t<section class=\"has_ma_el_bg_slider elementor-section elementor-top-section elementor-element elementor-element-dbb7953 elementor-section-boxed elementor-section-height-default elementor-section-height-default jltma-glass-effect-no\" data-id=\"dbb7953\" data-element_type=\"section\" data-settings=\"{&quot;background_background&quot;:&quot;classic&quot;}\">\n\t\t\t\t\t\t<div class=\"elementor-container elementor-column-gap-no\">\n\t\t\t\t\t<div class=\"has_ma_el_bg_slider elementor-column elementor-col-100 elementor-top-column elementor-element elementor-element-fd21d4a jltma-glass-effect-no\" data-id=\"fd21d4a\" data-element_type=\"column\">\n\t\t\t<div class=\"elementor-widget-wrap elementor-element-populated\">\n\t\t\t\t\t\t\t\t<section class=\"has_ma_el_bg_slider elementor-section elementor-inner-section elementor-element elementor-element-7716279 elementor-section-height-min-height jltma-glass-effect-yes elementor-section-boxed elementor-section-height-default\" data-id=\"7716279\" data-element_type=\"section\">\n\t\t\t\t\t\t<div class=\"elementor-container elementor-column-gap-default\">\n\t\t\t\t\t<div class=\"has_ma_el_bg_slider elementor-column elementor-col-50 elementor-inner-column elementor-element elementor-element-9961eb5 jltma-glass-effect-no\" data-id=\"9961eb5\" data-element_type=\"column\" data-settings=\"{&quot;background_background&quot;:&quot;classic&quot;,&quot;background_motion_fx_motion_fx_mouse&quot;:&quot;yes&quot;}\">\n\t\t\t<div class=\"elementor-widget-wrap elementor-element-populated\">\n\t\t\t\t\t\t\t\t<div class=\"elementor-element elementor-element-d5e06f7 jltma-glass-effect-no elementor-widget elementor-widget-image\" data-id=\"d5e06f7\" data-element_type=\"widget\" data-widget_type=\"image.default\">\n\t\t\t\t<div class=\"elementor-widget-container\">\n\t\t\t\t\t\t\t\t\t\t\t\t\t\t\t<img loading=\"lazy\" decoding=\"async\" width=\"800\" height=\"600\" src=\"https:\/\/brugotther.cl\/casasazocar\/wp-content\/uploads\/2021\/07\/1.jpg\" class=\"attachment-large size-large\" alt=\"\" srcset=\"https:\/\/brugotther.cl\/casasazocar\/wp-content\/uploads\/2021\/07\/1.jpg 800w, https:\/\/brugotther.cl\/casasazocar\/wp-content\/uploads\/2021\/07\/1-300x225.jpg 300w, https:\/\/brugotther.cl\/casasazocar\/wp-content\/uploads\/2021\/07\/1-768x576.jpg 768w\" sizes=\"auto, (max-width: 800px) 100vw, 800px\" \/>\t\t\t\t\t\t\t\t\t\t\t\t\t\t\t<\/div>\n\t\t\t\t<\/div>\n\t\t\t\t\t<\/div>\n\t\t<\/div>\n\t\t\t\t<div class=\"has_ma_el_bg_slider elementor-column elementor-col-50 elementor-inner-column elementor-element elementor-element-0763b9f jltma-glass-effect-no\" data-id=\"0763b9f\" data-element_type=\"column\" data-settings=\"{&quot;background_background&quot;:&quot;classic&quot;}\">\n\t\t\t<div class=\"elementor-widget-wrap elementor-element-populated\">\n\t\t\t\t\t\t\t\t<div class=\"elementor-element elementor-element-06335cc jltma-glass-effect-no elementor-widget elementor-widget-heading\" data-id=\"06335cc\" data-element_type=\"widget\" data-widget_type=\"heading.default\">\n\t\t\t\t<div class=\"elementor-widget-container\">\n\t\t\t<h4 class=\"elementor-heading-title elementor-size-medium\"><a href=\"#\">Modelo<\/a><\/h4>\t\t<\/div>\n\t\t\t\t<\/div>\n\t\t\t\t<div class=\"elementor-element elementor-element-ad92535 jltma-glass-effect-no elementor-widget elementor-widget-heading\" data-id=\"ad92535\" data-element_type=\"widget\" data-widget_type=\"heading.default\">\n\t\t\t\t<div class=\"elementor-widget-container\">\n\t\t\t<h2 class=\"elementor-heading-title elementor-size-xl\"><a href=\"#\">Altos de Lircay<\/a><\/h2>\t\t<\/div>\n\t\t\t\t<\/div>\n\t\t\t\t<div class=\"elementor-element elementor-element-1da7e16 jltma-glass-effect-no elementor-widget elementor-widget-text-editor\" data-id=\"1da7e16\" data-element_type=\"widget\" data-widget_type=\"text-editor.default\">\n\t\t\t\t<div class=\"elementor-widget-container\">\n\t\t\t\t\t\t\t<p>75 M2<\/p>\t\t\t\t\t\t<\/div>\n\t\t\t\t<\/div>\n\t\t\t\t\t<\/div>\n\t\t<\/div>\n\t\t\t\t\t\t\t<\/div>\n\t\t<\/section>\n\t\t\t\t\t<\/div>\n\t\t<\/div>\n\t\t\t\t\t\t\t<\/div>\n\t\t<\/section>\n\t\t\t\t<section class=\"has_ma_el_bg_slider elementor-section elementor-top-section elementor-element elementor-element-2f4558c elementor-section-boxed elementor-section-height-default elementor-section-height-default jltma-glass-effect-no\" data-id=\"2f4558c\" data-element_type=\"section\">\n\t\t\t\t\t\t<div class=\"elementor-container elementor-column-gap-default\">\n\t\t\t\t\t<div class=\"has_ma_el_bg_slider elementor-column elementor-col-100 elementor-top-column elementor-element elementor-element-d6fc455 jltma-glass-effect-no\" data-id=\"d6fc455\" data-element_type=\"column\">\n\t\t\t<div class=\"elementor-widget-wrap elementor-element-populated\">\n\t\t\t\t\t\t\t\t<div class=\"elementor-element elementor-element-4c830b6 gallery-spacing-custom jltma-glass-effect-no elementor-widget elementor-widget-image-gallery\" data-id=\"4c830b6\" data-element_type=\"widget\" data-widget_type=\"image-gallery.default\">\n\t\t\t\t<div class=\"elementor-widget-container\">\n\t\t\t\t\t<div class=\"elementor-image-gallery\">\n\t\t\t<div id='gallery-1' class='gallery galleryid-40 gallery-columns-4 gallery-size-2048x2048'><figure class='gallery-item'>\n\t\t\t<div class='gallery-icon landscape'>\n\t\t\t\t<a data-elementor-open-lightbox=\"yes\" data-elementor-lightbox-slideshow=\"4c830b6\" data-elementor-lightbox-title=\"35\" e-action-hash=\"#elementor-action%3Aaction%3Dlightbox%26settings%3DeyJpZCI6NzA2LCJ1cmwiOiJodHRwczpcL1wvYnJ1Z290dGhlci5jbFwvY2FzYXNhem9jYXJcL3dwLWNvbnRlbnRcL3VwbG9hZHNcLzIwMjFcLzA3XC8zNS5qcGciLCJzbGlkZXNob3ciOiI0YzgzMGI2In0%3D\" href='https:\/\/brugotther.cl\/casasazocar\/wp-content\/uploads\/2021\/07\/35.jpg'><img loading=\"lazy\" decoding=\"async\" width=\"600\" height=\"400\" src=\"https:\/\/brugotther.cl\/casasazocar\/wp-content\/uploads\/2021\/07\/35.jpg\" class=\"attachment-2048x2048 size-2048x2048\" alt=\"\" srcset=\"https:\/\/brugotther.cl\/casasazocar\/wp-content\/uploads\/2021\/07\/35.jpg 600w, https:\/\/brugotther.cl\/casasazocar\/wp-content\/uploads\/2021\/07\/35-300x200.jpg 300w\" sizes=\"auto, (max-width: 600px) 100vw, 600px\" \/><\/a>\n\t\t\t<\/div><\/figure><figure class='gallery-item'>\n\t\t\t<div class='gallery-icon landscape'>\n\t\t\t\t<a data-elementor-open-lightbox=\"yes\" data-elementor-lightbox-slideshow=\"4c830b6\" data-elementor-lightbox-title=\"36\" e-action-hash=\"#elementor-action%3Aaction%3Dlightbox%26settings%3DeyJpZCI6NzA3LCJ1cmwiOiJodHRwczpcL1wvYnJ1Z290dGhlci5jbFwvY2FzYXNhem9jYXJcL3dwLWNvbnRlbnRcL3VwbG9hZHNcLzIwMjFcLzA3XC8zNi5qcGciLCJzbGlkZXNob3ciOiI0YzgzMGI2In0%3D\" href='https:\/\/brugotther.cl\/casasazocar\/wp-content\/uploads\/2021\/07\/36.jpg'><img loading=\"lazy\" decoding=\"async\" width=\"600\" height=\"400\" src=\"https:\/\/brugotther.cl\/casasazocar\/wp-content\/uploads\/2021\/07\/36.jpg\" class=\"attachment-2048x2048 size-2048x2048\" alt=\"\" srcset=\"https:\/\/brugotther.cl\/casasazocar\/wp-content\/uploads\/2021\/07\/36.jpg 600w, https:\/\/brugotther.cl\/casasazocar\/wp-content\/uploads\/2021\/07\/36-300x200.jpg 300w\" sizes=\"auto, (max-width: 600px) 100vw, 600px\" \/><\/a>\n\t\t\t<\/div><\/figure><figure class='gallery-item'>\n\t\t\t<div class='gallery-icon landscape'>\n\t\t\t\t<a data-elementor-open-lightbox=\"yes\" data-elementor-lightbox-slideshow=\"4c830b6\" data-elementor-lightbox-title=\"altos_de_lircay\" e-action-hash=\"#elementor-action%3Aaction%3Dlightbox%26settings%3DeyJpZCI6NzA4LCJ1cmwiOiJodHRwczpcL1wvYnJ1Z290dGhlci5jbFwvY2FzYXNhem9jYXJcL3dwLWNvbnRlbnRcL3VwbG9hZHNcLzIwMjFcLzA3XC9hbHRvc19kZV9saXJjYXkuanBnIiwic2xpZGVzaG93IjoiNGM4MzBiNiJ9\" href='https:\/\/brugotther.cl\/casasazocar\/wp-content\/uploads\/2021\/07\/altos_de_lircay.jpg'><img loading=\"lazy\" decoding=\"async\" width=\"772\" height=\"600\" src=\"https:\/\/brugotther.cl\/casasazocar\/wp-content\/uploads\/2021\/07\/altos_de_lircay.jpg\" class=\"attachment-2048x2048 size-2048x2048\" alt=\"\" srcset=\"https:\/\/brugotther.cl\/casasazocar\/wp-content\/uploads\/2021\/07\/altos_de_lircay.jpg 772w, https:\/\/brugotther.cl\/casasazocar\/wp-content\/uploads\/2021\/07\/altos_de_lircay-300x233.jpg 300w, https:\/\/brugotther.cl\/casasazocar\/wp-content\/uploads\/2021\/07\/altos_de_lircay-768x597.jpg 768w\" sizes=\"auto, (max-width: 772px) 100vw, 772px\" \/><\/a>\n\t\t\t<\/div><\/figure>\n\t\t<\/div>\n\t\t<\/div>\n\t\t\t\t<\/div>\n\t\t\t\t<\/div>\n\t\t\t\t\t<\/div>\n\t\t<\/div>\n\t\t\t\t\t\t\t<\/div>\n\t\t<\/section>\n\t\t\t\t<section class=\"has_ma_el_bg_slider elementor-section elementor-top-section elementor-element elementor-element-0cfec34 elementor-section-boxed elementor-section-height-default elementor-section-height-default jltma-glass-effect-no\" data-id=\"0cfec34\" data-element_type=\"section\">\n\t\t\t\t\t\t<div class=\"elementor-container elementor-column-gap-default\">\n\t\t\t\t\t<div class=\"has_ma_el_bg_slider elementor-column elementor-col-100 elementor-top-column elementor-element elementor-element-086585c jltma-glass-effect-no\" data-id=\"086585c\" data-element_type=\"column\" data-settings=\"{&quot;background_background&quot;:&quot;classic&quot;}\">\n\t\t\t<div class=\"elementor-widget-wrap elementor-element-populated\">\n\t\t\t\t\t\t\t\t<div class=\"elementor-element elementor-element-a175eb4 jltma-glass-effect-no elementor-widget elementor-widget-heading\" data-id=\"a175eb4\" data-element_type=\"widget\" data-widget_type=\"heading.default\">\n\t\t\t\t<div class=\"elementor-widget-container\">\n\t\t\t<h2 class=\"elementor-heading-title elementor-size-xl\"><a href=\"#\">Especificaciones tecnicas generales para linea full<\/a><\/h2>\t\t<\/div>\n\t\t\t\t<\/div>\n\t\t\t\t<div class=\"elementor-element elementor-element-9fecae6 jltma-glass-effect-no elementor-widget elementor-widget-text-editor\" data-id=\"9fecae6\" data-element_type=\"widget\" data-widget_type=\"text-editor.default\">\n\t\t\t\t<div class=\"elementor-widget-container\">\n\t\t\t\t\t\t\t<ul><li>Montada sobre pilotes de hormig\u00f3n o pino impregnado seg\u00fan desnivel<\/li><li>Cubierta osb y teja asf\u00e1ltica color a elecci\u00f3n (altura cercha 1.6. mt.)<\/li><li>Estructura de paneles de pino 2 x 3 impregnado<\/li><li>Revestimiento exterior pino impregnado 1 x 5 o 6 dise\u00f1o a elecci\u00f3n<\/li><li>Revestimiento interior pino forro \u00bd x 4 o 5<\/li><li>Barrera humedad: per\u00edmetro, cielo y piso papel fieltro 15 x 40<\/li><li>Aislaci\u00f3n T\u00e9rmica: per\u00edmetro Aislapol 50 mm<\/li><li>Aislaci\u00f3n T\u00e9rmica en cielo y piso fisiten de 50 mm<\/li><li>Ventanas de Aluminio con Vidrio<\/li><li>Puerta de acceso principal y servicio atable rada de pino con chapa (Scanavini)<\/li><li>Puertas interiores hdf modelo sinfon\u00eda 6 cuadros con chapa Poli<\/li><li>Piso living \u2013 comedor y dormitorios pino pulido y vitrificado<\/li><li>Piso de cocina y ba\u00f1os con cer\u00e1mica (valor referencia m\u00e1xima 15.000 xm2)<\/li><li>Sala de ba\u00f1os marca Valencia o similar (tina, wc y vanistorios de 60cm.)<\/li><li>Per\u00edmetro de tina con cer\u00e1mica (valor referencia m\u00e1xima 8.500 x m2)<\/li><li>Cocina con Calef\u00f3n ionizado 7 lts y gasfiter\u00eda para lava plato y cocina (gas)<\/li><li>Gasfiter\u00eda de Cobre embutida al per\u00edmetro<\/li><li>Instalaci\u00f3n El\u00e9ctrica embutida (4 centros living-comedor, 1 en pasillo, 4 en cocina, 4 en Suite, 3 en dormitorios, 2 en ba\u00f1os y 2 en exterior), artefactos Bticino Modus, color beige<\/li><li>Pintura interior: Barniz Marino natural<\/li><li>Pintura exterior: Color a elecci\u00f3n<\/li><li>No contempla Empalme El\u00e9ctrico, agua y alcantarillado<\/li><\/ul>\t\t\t\t\t\t<\/div>\n\t\t\t\t<\/div>\n\t\t\t\t\t<\/div>\n\t\t<\/div>\n\t\t\t\t\t\t\t<\/div>\n\t\t<\/section>\n\t\t\t\t\t\t\t<\/div>\n\t\t","protected":false},"excerpt":{"rendered":"<p>Nuestras Casas Modelo Altos de Lircay 75 M2 Especificaciones tecnicas generales para linea full Montada sobre pilotes de hormig\u00f3n o pino impregnado seg\u00fan desnivel Cubierta osb y teja asf\u00e1ltica color a elecci\u00f3n (altura cercha 1.6. mt.) Estructura de paneles de pino 2 x 3 impregnado Revestimiento exterior pino impregnado 1 x 5 o 6 dise\u00f1o &hellip;<\/p>\n<p class=\"read-more\"> <a class=\"\" href=\"https:\/\/brugotther.cl\/casasazocar\/index.php\/altos-de-lircay\/\"> <span class=\"screen-reader-text\">ALTOS DE LIRCAY<\/span> Read More &raquo;<\/a><\/p>\n","protected":false},"author":1,"featured_media":0,"parent":0,"menu_order":0,"comment_status":"closed","ping_status":"closed","template":"","meta":{"footnotes":""},"class_list":["post-40","page","type-page","status-publish","hentry"],"_links":{"self":[{"href":"https:\/\/brugotther.cl\/casasazocar\/index.php\/wp-json\/wp\/v2\/pages\/40","targetHints":{"allow":["GET"]}}],"collection":[{"href":"https:\/\/brugotther.cl\/casasazocar\/index.php\/wp-json\/wp\/v2\/pages"}],"about":[{"href":"https:\/\/brugotther.cl\/casasazocar\/index.php\/wp-json\/wp\/v2\/types\/page"}],"author":[{"embeddable":true,"href":"https:\/\/brugotther.cl\/casasazocar\/index.php\/wp-json\/wp\/v2\/users\/1"}],"replies":[{"embeddable":true,"href":"https:\/\/brugotther.cl\/casasazocar\/index.php\/wp-json\/wp\/v2\/comments?post=40"}],"version-history":[{"count":22,"href":"https:\/\/brugotther.cl\/casasazocar\/index.php\/wp-json\/wp\/v2\/pages\/40\/revisions"}],"predecessor-version":[{"id":1939,"href":"https:\/\/brugotther.cl\/casasazocar\/index.php\/wp-json\/wp\/v2\/pages\/40\/revisions\/1939"}],"wp:attachment":[{"href":"https:\/\/brugotther.cl\/casasazocar\/index.php\/wp-json\/wp\/v2\/media?parent=40"}],"curies":[{"name":"wp","href":"https:\/\/api.w.org\/{rel}","templated":true}]}}