{"id":46,"date":"2021-06-30T20:14:32","date_gmt":"2021-06-30T23:14:32","guid":{"rendered":"https:\/\/brugotther.cl\/casasazocar\/?page_id=46"},"modified":"2022-06-06T17:30:01","modified_gmt":"2022-06-06T20:30:01","slug":"independencia","status":"publish","type":"page","link":"https:\/\/brugotther.cl\/casasazocar\/index.php\/independencia\/","title":{"rendered":"INDEPENDENCIA"},"content":{"rendered":"\t\t<div data-elementor-type=\"wp-page\" data-elementor-id=\"46\" class=\"elementor elementor-46\">\n\t\t\t\t\t\t\t\t\t<header class=\"has_ma_el_bg_slider elementor-section elementor-top-section elementor-element elementor-element-6660a6f elementor-section-height-min-height elementor-section-content-middle elementor-section-boxed elementor-section-height-default elementor-section-items-middle jltma-glass-effect-no\" data-id=\"6660a6f\" data-element_type=\"section\" data-settings=\"{&quot;background_background&quot;:&quot;classic&quot;}\">\n\t\t\t\t\t\t\t<div class=\"elementor-background-overlay\"><\/div>\n\t\t\t\t\t\t\t<div class=\"elementor-container elementor-column-gap-default\">\n\t\t\t\t\t<div class=\"has_ma_el_bg_slider elementor-column elementor-col-100 elementor-top-column elementor-element elementor-element-4c63da4 jltma-glass-effect-no\" data-id=\"4c63da4\" data-element_type=\"column\">\n\t\t\t<div class=\"elementor-widget-wrap elementor-element-populated\">\n\t\t\t\t\t\t\t\t<div class=\"elementor-element elementor-element-71711cb jltma-glass-effect-no elementor-widget elementor-widget-heading\" data-id=\"71711cb\" data-element_type=\"widget\" data-widget_type=\"heading.default\">\n\t\t\t\t<div class=\"elementor-widget-container\">\n\t\t\t<h3 class=\"elementor-heading-title elementor-size-large\">Nuestras<\/h3>\t\t<\/div>\n\t\t\t\t<\/div>\n\t\t\t\t<div class=\"elementor-element elementor-element-0940926 jltma-glass-effect-no elementor-widget elementor-widget-heading\" data-id=\"0940926\" data-element_type=\"widget\" data-widget_type=\"heading.default\">\n\t\t\t\t<div class=\"elementor-widget-container\">\n\t\t\t<h1 class=\"elementor-heading-title elementor-size-xxl\">Casas<\/h1>\t\t<\/div>\n\t\t\t\t<\/div>\n\t\t\t\t\t<\/div>\n\t\t<\/div>\n\t\t\t\t\t\t\t<\/div>\n\t\t<\/header>\n\t\t\t\t<section class=\"has_ma_el_bg_slider elementor-section elementor-top-section elementor-element elementor-element-fb1f38b elementor-section-boxed elementor-section-height-default elementor-section-height-default jltma-glass-effect-no\" data-id=\"fb1f38b\" data-element_type=\"section\" data-settings=\"{&quot;background_background&quot;:&quot;classic&quot;}\">\n\t\t\t\t\t\t<div class=\"elementor-container elementor-column-gap-no\">\n\t\t\t\t\t<div class=\"has_ma_el_bg_slider elementor-column elementor-col-100 elementor-top-column elementor-element elementor-element-013fa95 jltma-glass-effect-no\" data-id=\"013fa95\" data-element_type=\"column\">\n\t\t\t<div class=\"elementor-widget-wrap elementor-element-populated\">\n\t\t\t\t\t\t\t\t<section class=\"has_ma_el_bg_slider elementor-section elementor-inner-section elementor-element elementor-element-e19ddff elementor-section-height-min-height elementor-section-boxed elementor-section-height-default jltma-glass-effect-no\" data-id=\"e19ddff\" data-element_type=\"section\">\n\t\t\t\t\t\t<div class=\"elementor-container elementor-column-gap-default\">\n\t\t\t\t\t<div class=\"has_ma_el_bg_slider elementor-column elementor-col-50 elementor-inner-column elementor-element elementor-element-e98b262 jltma-glass-effect-no\" data-id=\"e98b262\" data-element_type=\"column\" data-settings=\"{&quot;background_background&quot;:&quot;classic&quot;}\">\n\t\t\t<div class=\"elementor-widget-wrap elementor-element-populated\">\n\t\t\t\t\t\t\t\t<div class=\"elementor-element elementor-element-1dfa5e2 jltma-glass-effect-no elementor-widget elementor-widget-image\" data-id=\"1dfa5e2\" data-element_type=\"widget\" data-widget_type=\"image.default\">\n\t\t\t\t<div class=\"elementor-widget-container\">\n\t\t\t\t\t\t\t\t\t\t\t\t\t\t\t<img decoding=\"async\" src=\"https:\/\/brugotther.cl\/casasazocar\/wp-content\/uploads\/2021\/07\/jakob-owens-317800-unsplash.jpg\" title=\"\" alt=\"\" \/>\t\t\t\t\t\t\t\t\t\t\t\t\t\t\t<\/div>\n\t\t\t\t<\/div>\n\t\t\t\t\t<\/div>\n\t\t<\/div>\n\t\t\t\t<div class=\"has_ma_el_bg_slider elementor-column elementor-col-50 elementor-inner-column elementor-element elementor-element-19a859d jltma-glass-effect-no\" data-id=\"19a859d\" data-element_type=\"column\" data-settings=\"{&quot;background_background&quot;:&quot;classic&quot;}\">\n\t\t\t<div class=\"elementor-widget-wrap elementor-element-populated\">\n\t\t\t\t\t\t\t\t<div class=\"elementor-element elementor-element-851ac10 jltma-glass-effect-no elementor-widget elementor-widget-heading\" data-id=\"851ac10\" data-element_type=\"widget\" data-widget_type=\"heading.default\">\n\t\t\t\t<div class=\"elementor-widget-container\">\n\t\t\t<h4 class=\"elementor-heading-title elementor-size-medium\"><a href=\"#\">Modelo<\/a><\/h4>\t\t<\/div>\n\t\t\t\t<\/div>\n\t\t\t\t<div class=\"elementor-element elementor-element-65cb39f jltma-glass-effect-no elementor-widget elementor-widget-heading\" data-id=\"65cb39f\" data-element_type=\"widget\" data-widget_type=\"heading.default\">\n\t\t\t\t<div class=\"elementor-widget-container\">\n\t\t\t<h2 class=\"elementor-heading-title elementor-size-xl\"><a href=\"#\">Independencia<\/a><\/h2>\t\t<\/div>\n\t\t\t\t<\/div>\n\t\t\t\t<div class=\"elementor-element elementor-element-c2b8244 jltma-glass-effect-no elementor-widget elementor-widget-text-editor\" data-id=\"c2b8244\" data-element_type=\"widget\" data-widget_type=\"text-editor.default\">\n\t\t\t\t<div class=\"elementor-widget-container\">\n\t\t\t\t\t\t\t<p>91 M2<\/p>\t\t\t\t\t\t<\/div>\n\t\t\t\t<\/div>\n\t\t\t\t\t<\/div>\n\t\t<\/div>\n\t\t\t\t\t\t\t<\/div>\n\t\t<\/section>\n\t\t\t\t\t<\/div>\n\t\t<\/div>\n\t\t\t\t\t\t\t<\/div>\n\t\t<\/section>\n\t\t\t\t<section class=\"has_ma_el_bg_slider elementor-section elementor-top-section elementor-element elementor-element-9afbdb1 elementor-section-boxed elementor-section-height-default elementor-section-height-default jltma-glass-effect-no\" data-id=\"9afbdb1\" data-element_type=\"section\">\n\t\t\t\t\t\t<div class=\"elementor-container elementor-column-gap-default\">\n\t\t\t\t\t<div class=\"has_ma_el_bg_slider elementor-column elementor-col-100 elementor-top-column elementor-element elementor-element-50bbce3 jltma-glass-effect-no\" data-id=\"50bbce3\" data-element_type=\"column\">\n\t\t\t<div class=\"elementor-widget-wrap elementor-element-populated\">\n\t\t\t\t\t\t\t\t<div class=\"elementor-element elementor-element-0049cb9 gallery-spacing-custom jltma-glass-effect-no elementor-widget elementor-widget-image-gallery\" data-id=\"0049cb9\" data-element_type=\"widget\" data-widget_type=\"image-gallery.default\">\n\t\t\t\t<div class=\"elementor-widget-container\">\n\t\t\t\t\t<div class=\"elementor-image-gallery\">\n\t\t\t<div id='gallery-1' class='gallery galleryid-46 gallery-columns-4 gallery-size-2048x2048'><figure class='gallery-item'>\n\t\t\t<div class='gallery-icon landscape'>\n\t\t\t\t<a data-elementor-open-lightbox=\"yes\" data-elementor-lightbox-slideshow=\"0049cb9\" data-elementor-lightbox-title=\"23\" e-action-hash=\"#elementor-action%3Aaction%3Dlightbox%26settings%3DeyJpZCI6NzU4LCJ1cmwiOiJodHRwczpcL1wvYnJ1Z290dGhlci5jbFwvY2FzYXNhem9jYXJcL3dwLWNvbnRlbnRcL3VwbG9hZHNcLzIwMjFcLzA3XC8yMy0zLmpwZyIsInNsaWRlc2hvdyI6IjAwNDljYjkifQ%3D%3D\" href='https:\/\/brugotther.cl\/casasazocar\/wp-content\/uploads\/2021\/07\/23-3.jpg'><img loading=\"lazy\" decoding=\"async\" width=\"600\" height=\"400\" src=\"https:\/\/brugotther.cl\/casasazocar\/wp-content\/uploads\/2021\/07\/23-3.jpg\" class=\"attachment-2048x2048 size-2048x2048\" alt=\"\" srcset=\"https:\/\/brugotther.cl\/casasazocar\/wp-content\/uploads\/2021\/07\/23-3.jpg 600w, https:\/\/brugotther.cl\/casasazocar\/wp-content\/uploads\/2021\/07\/23-3-300x200.jpg 300w\" sizes=\"auto, (max-width: 600px) 100vw, 600px\" \/><\/a>\n\t\t\t<\/div><\/figure><figure class='gallery-item'>\n\t\t\t<div class='gallery-icon landscape'>\n\t\t\t\t<a data-elementor-open-lightbox=\"yes\" data-elementor-lightbox-slideshow=\"0049cb9\" data-elementor-lightbox-title=\"24\" e-action-hash=\"#elementor-action%3Aaction%3Dlightbox%26settings%3DeyJpZCI6NzU5LCJ1cmwiOiJodHRwczpcL1wvYnJ1Z290dGhlci5jbFwvY2FzYXNhem9jYXJcL3dwLWNvbnRlbnRcL3VwbG9hZHNcLzIwMjFcLzA3XC8yNC0yLmpwZyIsInNsaWRlc2hvdyI6IjAwNDljYjkifQ%3D%3D\" href='https:\/\/brugotther.cl\/casasazocar\/wp-content\/uploads\/2021\/07\/24-2.jpg'><img loading=\"lazy\" decoding=\"async\" width=\"600\" height=\"400\" src=\"https:\/\/brugotther.cl\/casasazocar\/wp-content\/uploads\/2021\/07\/24-2.jpg\" class=\"attachment-2048x2048 size-2048x2048\" alt=\"\" srcset=\"https:\/\/brugotther.cl\/casasazocar\/wp-content\/uploads\/2021\/07\/24-2.jpg 600w, https:\/\/brugotther.cl\/casasazocar\/wp-content\/uploads\/2021\/07\/24-2-300x200.jpg 300w\" sizes=\"auto, (max-width: 600px) 100vw, 600px\" \/><\/a>\n\t\t\t<\/div><\/figure><figure class='gallery-item'>\n\t\t\t<div class='gallery-icon landscape'>\n\t\t\t\t<a data-elementor-open-lightbox=\"yes\" data-elementor-lightbox-slideshow=\"0049cb9\" data-elementor-lightbox-title=\"independencia\" e-action-hash=\"#elementor-action%3Aaction%3Dlightbox%26settings%3DeyJpZCI6NzYwLCJ1cmwiOiJodHRwczpcL1wvYnJ1Z290dGhlci5jbFwvY2FzYXNhem9jYXJcL3dwLWNvbnRlbnRcL3VwbG9hZHNcLzIwMjFcLzA3XC9pbmRlcGVuZGVuY2lhLTEuanBnIiwic2xpZGVzaG93IjoiMDA0OWNiOSJ9\" href='https:\/\/brugotther.cl\/casasazocar\/wp-content\/uploads\/2021\/07\/independencia-1.jpg'><img loading=\"lazy\" decoding=\"async\" width=\"800\" height=\"499\" src=\"https:\/\/brugotther.cl\/casasazocar\/wp-content\/uploads\/2021\/07\/independencia-1.jpg\" class=\"attachment-2048x2048 size-2048x2048\" alt=\"\" srcset=\"https:\/\/brugotther.cl\/casasazocar\/wp-content\/uploads\/2021\/07\/independencia-1.jpg 800w, https:\/\/brugotther.cl\/casasazocar\/wp-content\/uploads\/2021\/07\/independencia-1-300x187.jpg 300w, https:\/\/brugotther.cl\/casasazocar\/wp-content\/uploads\/2021\/07\/independencia-1-768x479.jpg 768w\" sizes=\"auto, (max-width: 800px) 100vw, 800px\" \/><\/a>\n\t\t\t<\/div><\/figure>\n\t\t<\/div>\n\t\t<\/div>\n\t\t\t\t<\/div>\n\t\t\t\t<\/div>\n\t\t\t\t\t<\/div>\n\t\t<\/div>\n\t\t\t\t\t\t\t<\/div>\n\t\t<\/section>\n\t\t\t\t<section class=\"has_ma_el_bg_slider elementor-section elementor-top-section elementor-element elementor-element-e0c0a4b elementor-section-boxed elementor-section-height-default elementor-section-height-default jltma-glass-effect-no\" data-id=\"e0c0a4b\" data-element_type=\"section\">\n\t\t\t\t\t\t<div class=\"elementor-container elementor-column-gap-default\">\n\t\t\t\t\t<div class=\"has_ma_el_bg_slider elementor-column elementor-col-100 elementor-top-column elementor-element elementor-element-68c0886 jltma-glass-effect-no\" data-id=\"68c0886\" data-element_type=\"column\" data-settings=\"{&quot;background_background&quot;:&quot;classic&quot;}\">\n\t\t\t<div class=\"elementor-widget-wrap elementor-element-populated\">\n\t\t\t\t\t\t\t\t<div class=\"elementor-element elementor-element-df41f8a jltma-glass-effect-no elementor-widget elementor-widget-heading\" data-id=\"df41f8a\" data-element_type=\"widget\" data-widget_type=\"heading.default\">\n\t\t\t\t<div class=\"elementor-widget-container\">\n\t\t\t<h2 class=\"elementor-heading-title elementor-size-xl\"><a href=\"#\">Especificaciones tecnicas generales para linea full<\/a><\/h2>\t\t<\/div>\n\t\t\t\t<\/div>\n\t\t\t\t<div class=\"elementor-element elementor-element-0501629 jltma-glass-effect-no elementor-widget elementor-widget-text-editor\" data-id=\"0501629\" data-element_type=\"widget\" data-widget_type=\"text-editor.default\">\n\t\t\t\t<div class=\"elementor-widget-container\">\n\t\t\t\t\t\t\t<ul><li>Montada sobre pilotes de hormig\u00f3n o pino impregnado seg\u00fan desnivel<\/li><li>Cubierta osb y teja asf\u00e1ltica color a elecci\u00f3n (altura cercha 1.6. mt.)<\/li><li>Estructura de paneles de pino 2 x 3 impregnado<\/li><li>Revestimiento exterior pino impregnado 1 x 5 o 6 dise\u00f1o a elecci\u00f3n<\/li><li>Revestimiento interior pino forro \u00bd x 4 o 5<\/li><li>Barrera humedad: per\u00edmetro, cielo y piso papel fieltro 15 x 40<\/li><li>Aislaci\u00f3n T\u00e9rmica: per\u00edmetro Aislapol 50 mm<\/li><li>Aislaci\u00f3n T\u00e9rmica en cielo y piso fisiten de 50 mm<\/li><li>Ventanas de Aluminio con Vidrio<\/li><li>Puerta de acceso principal y servicio atable rada de pino con chapa (Scanavini)<\/li><li>Puertas interiores hdf modelo sinfon\u00eda 6 cuadros con chapa Poli<\/li><li>Piso living \u2013 comedor y dormitorios pino pulido y vitrificado<\/li><li>Piso de cocina y ba\u00f1os con cer\u00e1mica (valor referencia m\u00e1xima 15.000 xm2)<\/li><li>Sala de ba\u00f1os marca Valencia o similar (tina, wc y vanistorios de 60cm.)<\/li><li>Per\u00edmetro de tina con cer\u00e1mica (valor referencia m\u00e1xima 8.500 x m2)<\/li><li>Cocina con Calef\u00f3n ionizado 7 lts y gasfiter\u00eda para lava plato y cocina (gas)<\/li><li>Gasfiter\u00eda de Cobre embutida al per\u00edmetro<\/li><li>Instalaci\u00f3n El\u00e9ctrica embutida (4 centros living-comedor, 1 en pasillo, 4 en cocina, 4 en Suite, 3 en dormitorios, 2 en ba\u00f1os y 2 en exterior), artefactos Bticino Modus, color beige<\/li><li>Pintura interior: Barniz Marino natural<\/li><li>Pintura exterior: Color a elecci\u00f3n<\/li><li>No contempla Empalme El\u00e9ctrico, agua y alcantarillado<\/li><\/ul>\t\t\t\t\t\t<\/div>\n\t\t\t\t<\/div>\n\t\t\t\t\t<\/div>\n\t\t<\/div>\n\t\t\t\t\t\t\t<\/div>\n\t\t<\/section>\n\t\t\t\t\t\t\t<\/div>\n\t\t","protected":false},"excerpt":{"rendered":"<p>Nuestras Casas Modelo Independencia 91 M2 Especificaciones tecnicas generales para linea full Montada sobre pilotes de hormig\u00f3n o pino impregnado seg\u00fan desnivel Cubierta osb y teja asf\u00e1ltica color a elecci\u00f3n (altura cercha 1.6. mt.) Estructura de paneles de pino 2 x 3 impregnado Revestimiento exterior pino impregnado 1 x 5 o 6 dise\u00f1o a elecci\u00f3n &hellip;<\/p>\n<p class=\"read-more\"> <a class=\"\" href=\"https:\/\/brugotther.cl\/casasazocar\/index.php\/independencia\/\"> <span class=\"screen-reader-text\">INDEPENDENCIA<\/span> Read More &raquo;<\/a><\/p>\n","protected":false},"author":1,"featured_media":0,"parent":0,"menu_order":0,"comment_status":"closed","ping_status":"closed","template":"","meta":{"footnotes":""},"class_list":["post-46","page","type-page","status-publish","hentry"],"_links":{"self":[{"href":"https:\/\/brugotther.cl\/casasazocar\/index.php\/wp-json\/wp\/v2\/pages\/46","targetHints":{"allow":["GET"]}}],"collection":[{"href":"https:\/\/brugotther.cl\/casasazocar\/index.php\/wp-json\/wp\/v2\/pages"}],"about":[{"href":"https:\/\/brugotther.cl\/casasazocar\/index.php\/wp-json\/wp\/v2\/types\/page"}],"author":[{"embeddable":true,"href":"https:\/\/brugotther.cl\/casasazocar\/index.php\/wp-json\/wp\/v2\/users\/1"}],"replies":[{"embeddable":true,"href":"https:\/\/brugotther.cl\/casasazocar\/index.php\/wp-json\/wp\/v2\/comments?post=46"}],"version-history":[{"count":31,"href":"https:\/\/brugotther.cl\/casasazocar\/index.php\/wp-json\/wp\/v2\/pages\/46\/revisions"}],"predecessor-version":[{"id":1948,"href":"https:\/\/brugotther.cl\/casasazocar\/index.php\/wp-json\/wp\/v2\/pages\/46\/revisions\/1948"}],"wp:attachment":[{"href":"https:\/\/brugotther.cl\/casasazocar\/index.php\/wp-json\/wp\/v2\/media?parent=46"}],"curies":[{"name":"wp","href":"https:\/\/api.w.org\/{rel}","templated":true}]}}