{"id":49,"date":"2021-06-30T20:14:32","date_gmt":"2021-06-30T23:14:32","guid":{"rendered":"https:\/\/brugotther.cl\/casasazocar\/?page_id=49"},"modified":"2022-06-06T17:28:06","modified_gmt":"2022-06-06T20:28:06","slug":"chillan-coihueco","status":"publish","type":"page","link":"https:\/\/brugotther.cl\/casasazocar\/index.php\/chillan-coihueco\/","title":{"rendered":"CHILLAN COIHUECO"},"content":{"rendered":"\t\t<div data-elementor-type=\"wp-page\" data-elementor-id=\"49\" class=\"elementor elementor-49\">\n\t\t\t\t\t\t\t\t\t<header class=\"has_ma_el_bg_slider elementor-section elementor-top-section elementor-element elementor-element-01f8c6e elementor-section-height-min-height elementor-section-content-middle elementor-section-boxed elementor-section-height-default elementor-section-items-middle jltma-glass-effect-no\" data-id=\"01f8c6e\" data-element_type=\"section\" data-settings=\"{&quot;background_background&quot;:&quot;classic&quot;}\">\n\t\t\t\t\t\t\t<div class=\"elementor-background-overlay\"><\/div>\n\t\t\t\t\t\t\t<div class=\"elementor-container elementor-column-gap-default\">\n\t\t\t\t\t<div class=\"has_ma_el_bg_slider elementor-column elementor-col-100 elementor-top-column elementor-element elementor-element-04c40fe jltma-glass-effect-no\" data-id=\"04c40fe\" data-element_type=\"column\">\n\t\t\t<div class=\"elementor-widget-wrap elementor-element-populated\">\n\t\t\t\t\t\t\t\t<div class=\"elementor-element elementor-element-9a6d713 jltma-glass-effect-no elementor-widget elementor-widget-heading\" data-id=\"9a6d713\" data-element_type=\"widget\" data-widget_type=\"heading.default\">\n\t\t\t\t<div class=\"elementor-widget-container\">\n\t\t\t<h3 class=\"elementor-heading-title elementor-size-large\">Nuestras<\/h3>\t\t<\/div>\n\t\t\t\t<\/div>\n\t\t\t\t<div class=\"elementor-element elementor-element-281a6b6 jltma-glass-effect-no elementor-widget elementor-widget-heading\" data-id=\"281a6b6\" data-element_type=\"widget\" data-widget_type=\"heading.default\">\n\t\t\t\t<div class=\"elementor-widget-container\">\n\t\t\t<h1 class=\"elementor-heading-title elementor-size-xxl\">Casas<\/h1>\t\t<\/div>\n\t\t\t\t<\/div>\n\t\t\t\t\t<\/div>\n\t\t<\/div>\n\t\t\t\t\t\t\t<\/div>\n\t\t<\/header>\n\t\t\t\t<section class=\"has_ma_el_bg_slider elementor-section elementor-top-section elementor-element elementor-element-cc1b1d9 elementor-section-boxed elementor-section-height-default elementor-section-height-default jltma-glass-effect-no\" data-id=\"cc1b1d9\" data-element_type=\"section\" data-settings=\"{&quot;background_background&quot;:&quot;classic&quot;}\">\n\t\t\t\t\t\t<div class=\"elementor-container elementor-column-gap-no\">\n\t\t\t\t\t<div class=\"has_ma_el_bg_slider elementor-column elementor-col-100 elementor-top-column elementor-element elementor-element-2c1f9a8 jltma-glass-effect-no\" data-id=\"2c1f9a8\" data-element_type=\"column\">\n\t\t\t<div class=\"elementor-widget-wrap elementor-element-populated\">\n\t\t\t\t\t\t\t\t<section class=\"has_ma_el_bg_slider elementor-section elementor-inner-section elementor-element elementor-element-0b2fe4e elementor-section-height-min-height elementor-section-boxed elementor-section-height-default jltma-glass-effect-no\" data-id=\"0b2fe4e\" data-element_type=\"section\">\n\t\t\t\t\t\t<div class=\"elementor-container elementor-column-gap-default\">\n\t\t\t\t\t<div class=\"has_ma_el_bg_slider elementor-column elementor-col-50 elementor-inner-column elementor-element elementor-element-a126e5f jltma-glass-effect-no\" data-id=\"a126e5f\" data-element_type=\"column\" data-settings=\"{&quot;background_background&quot;:&quot;classic&quot;}\">\n\t\t\t<div class=\"elementor-widget-wrap elementor-element-populated\">\n\t\t\t\t\t\t\t\t<div class=\"elementor-element elementor-element-40d6e9d jltma-glass-effect-no elementor-widget elementor-widget-image\" data-id=\"40d6e9d\" data-element_type=\"widget\" data-widget_type=\"image.default\">\n\t\t\t\t<div class=\"elementor-widget-container\">\n\t\t\t\t\t\t\t\t\t\t\t\t\t\t\t<img decoding=\"async\" src=\"https:\/\/brugotther.cl\/casasazocar\/wp-content\/uploads\/2021\/07\/jakob-owens-317800-unsplash.jpg\" title=\"\" alt=\"\" \/>\t\t\t\t\t\t\t\t\t\t\t\t\t\t\t<\/div>\n\t\t\t\t<\/div>\n\t\t\t\t\t<\/div>\n\t\t<\/div>\n\t\t\t\t<div class=\"has_ma_el_bg_slider elementor-column elementor-col-50 elementor-inner-column elementor-element elementor-element-2a9a179 jltma-glass-effect-no\" data-id=\"2a9a179\" data-element_type=\"column\" data-settings=\"{&quot;background_background&quot;:&quot;classic&quot;}\">\n\t\t\t<div class=\"elementor-widget-wrap elementor-element-populated\">\n\t\t\t\t\t\t\t\t<div class=\"elementor-element elementor-element-0c6e44c jltma-glass-effect-no elementor-widget elementor-widget-heading\" data-id=\"0c6e44c\" data-element_type=\"widget\" data-widget_type=\"heading.default\">\n\t\t\t\t<div class=\"elementor-widget-container\">\n\t\t\t<h4 class=\"elementor-heading-title elementor-size-medium\"><a href=\"#\">Modelo<\/a><\/h4>\t\t<\/div>\n\t\t\t\t<\/div>\n\t\t\t\t<div class=\"elementor-element elementor-element-7345a4a jltma-glass-effect-no elementor-widget elementor-widget-heading\" data-id=\"7345a4a\" data-element_type=\"widget\" data-widget_type=\"heading.default\">\n\t\t\t\t<div class=\"elementor-widget-container\">\n\t\t\t<h2 class=\"elementor-heading-title elementor-size-xl\"><a href=\"#\">Chillan Coihueco<\/a><\/h2>\t\t<\/div>\n\t\t\t\t<\/div>\n\t\t\t\t<div class=\"elementor-element elementor-element-940afbd jltma-glass-effect-no elementor-widget elementor-widget-text-editor\" data-id=\"940afbd\" data-element_type=\"widget\" data-widget_type=\"text-editor.default\">\n\t\t\t\t<div class=\"elementor-widget-container\">\n\t\t\t\t\t\t\t<p>115 M2<\/p>\t\t\t\t\t\t<\/div>\n\t\t\t\t<\/div>\n\t\t\t\t\t<\/div>\n\t\t<\/div>\n\t\t\t\t\t\t\t<\/div>\n\t\t<\/section>\n\t\t\t\t\t<\/div>\n\t\t<\/div>\n\t\t\t\t\t\t\t<\/div>\n\t\t<\/section>\n\t\t\t\t<section class=\"has_ma_el_bg_slider elementor-section elementor-top-section elementor-element elementor-element-a1129d7 elementor-section-boxed elementor-section-height-default elementor-section-height-default jltma-glass-effect-no\" data-id=\"a1129d7\" data-element_type=\"section\">\n\t\t\t\t\t\t<div class=\"elementor-container elementor-column-gap-default\">\n\t\t\t\t\t<div class=\"has_ma_el_bg_slider elementor-column elementor-col-100 elementor-top-column elementor-element elementor-element-f73531b jltma-glass-effect-no\" data-id=\"f73531b\" data-element_type=\"column\">\n\t\t\t<div class=\"elementor-widget-wrap elementor-element-populated\">\n\t\t\t\t\t\t\t\t<div class=\"elementor-element elementor-element-c2d34b2 gallery-spacing-custom jltma-glass-effect-no elementor-widget elementor-widget-image-gallery\" data-id=\"c2d34b2\" data-element_type=\"widget\" data-widget_type=\"image-gallery.default\">\n\t\t\t\t<div class=\"elementor-widget-container\">\n\t\t\t\t\t<div class=\"elementor-image-gallery\">\n\t\t\t<div id='gallery-1' class='gallery galleryid-49 gallery-columns-4 gallery-size-2048x2048'><figure class='gallery-item'>\n\t\t\t<div class='gallery-icon landscape'>\n\t\t\t\t<a data-elementor-open-lightbox=\"yes\" data-elementor-lightbox-slideshow=\"c2d34b2\" data-elementor-lightbox-title=\"coihueco\" e-action-hash=\"#elementor-action%3Aaction%3Dlightbox%26settings%3DeyJpZCI6NzkzLCJ1cmwiOiJodHRwczpcL1wvYnJ1Z290dGhlci5jbFwvY2FzYXNhem9jYXJcL3dwLWNvbnRlbnRcL3VwbG9hZHNcLzIwMjFcLzA3XC9jb2lodWVjby0xLmpwZyIsInNsaWRlc2hvdyI6ImMyZDM0YjIifQ%3D%3D\" href='https:\/\/brugotther.cl\/casasazocar\/wp-content\/uploads\/2021\/07\/coihueco-1.jpg'><img loading=\"lazy\" decoding=\"async\" width=\"1641\" height=\"826\" src=\"https:\/\/brugotther.cl\/casasazocar\/wp-content\/uploads\/2021\/07\/coihueco-1.jpg\" class=\"attachment-2048x2048 size-2048x2048\" alt=\"\" srcset=\"https:\/\/brugotther.cl\/casasazocar\/wp-content\/uploads\/2021\/07\/coihueco-1.jpg 1641w, https:\/\/brugotther.cl\/casasazocar\/wp-content\/uploads\/2021\/07\/coihueco-1-300x151.jpg 300w, https:\/\/brugotther.cl\/casasazocar\/wp-content\/uploads\/2021\/07\/coihueco-1-1024x515.jpg 1024w, https:\/\/brugotther.cl\/casasazocar\/wp-content\/uploads\/2021\/07\/coihueco-1-768x387.jpg 768w, https:\/\/brugotther.cl\/casasazocar\/wp-content\/uploads\/2021\/07\/coihueco-1-1536x773.jpg 1536w\" sizes=\"auto, (max-width: 1641px) 100vw, 1641px\" \/><\/a>\n\t\t\t<\/div><\/figure><figure class='gallery-item'>\n\t\t\t<div class='gallery-icon landscape'>\n\t\t\t\t<a data-elementor-open-lightbox=\"yes\" data-elementor-lightbox-slideshow=\"c2d34b2\" data-elementor-lightbox-title=\"16\" e-action-hash=\"#elementor-action%3Aaction%3Dlightbox%26settings%3DeyJpZCI6NzkwLCJ1cmwiOiJodHRwczpcL1wvYnJ1Z290dGhlci5jbFwvY2FzYXNhem9jYXJcL3dwLWNvbnRlbnRcL3VwbG9hZHNcLzIwMjFcLzA3XC8xNi0yLmpwZyIsInNsaWRlc2hvdyI6ImMyZDM0YjIifQ%3D%3D\" href='https:\/\/brugotther.cl\/casasazocar\/wp-content\/uploads\/2021\/07\/16-2.jpg'><img loading=\"lazy\" decoding=\"async\" width=\"600\" height=\"400\" src=\"https:\/\/brugotther.cl\/casasazocar\/wp-content\/uploads\/2021\/07\/16-2.jpg\" class=\"attachment-2048x2048 size-2048x2048\" alt=\"\" srcset=\"https:\/\/brugotther.cl\/casasazocar\/wp-content\/uploads\/2021\/07\/16-2.jpg 600w, https:\/\/brugotther.cl\/casasazocar\/wp-content\/uploads\/2021\/07\/16-2-300x200.jpg 300w\" sizes=\"auto, (max-width: 600px) 100vw, 600px\" \/><\/a>\n\t\t\t<\/div><\/figure>\n\t\t<\/div>\n\t\t<\/div>\n\t\t\t\t<\/div>\n\t\t\t\t<\/div>\n\t\t\t\t\t<\/div>\n\t\t<\/div>\n\t\t\t\t\t\t\t<\/div>\n\t\t<\/section>\n\t\t\t\t<section class=\"has_ma_el_bg_slider elementor-section elementor-top-section elementor-element elementor-element-1edaef1 elementor-section-boxed elementor-section-height-default elementor-section-height-default jltma-glass-effect-no\" data-id=\"1edaef1\" data-element_type=\"section\">\n\t\t\t\t\t\t<div class=\"elementor-container elementor-column-gap-default\">\n\t\t\t\t\t<div class=\"has_ma_el_bg_slider elementor-column elementor-col-100 elementor-top-column elementor-element elementor-element-3e3e50e jltma-glass-effect-no\" data-id=\"3e3e50e\" data-element_type=\"column\" data-settings=\"{&quot;background_background&quot;:&quot;classic&quot;}\">\n\t\t\t<div class=\"elementor-widget-wrap elementor-element-populated\">\n\t\t\t\t\t\t\t\t<div class=\"elementor-element elementor-element-8700714 jltma-glass-effect-no elementor-widget elementor-widget-heading\" data-id=\"8700714\" data-element_type=\"widget\" data-widget_type=\"heading.default\">\n\t\t\t\t<div class=\"elementor-widget-container\">\n\t\t\t<h2 class=\"elementor-heading-title elementor-size-xl\"><a href=\"#\">Especificaciones tecnicas generales para linea full<\/a><\/h2>\t\t<\/div>\n\t\t\t\t<\/div>\n\t\t\t\t<div class=\"elementor-element elementor-element-ccb079f jltma-glass-effect-no elementor-widget elementor-widget-text-editor\" data-id=\"ccb079f\" data-element_type=\"widget\" data-widget_type=\"text-editor.default\">\n\t\t\t\t<div class=\"elementor-widget-container\">\n\t\t\t\t\t\t\t<ul><li>Montada sobre pilotes de hormig\u00f3n o pino impregnado seg\u00fan desnivel<\/li><li>Cubierta osb y teja asf\u00e1ltica color a elecci\u00f3n (altura cercha 1.6. mt.)<\/li><li>Estructura de paneles de pino 2 x 3 impregnado<\/li><li>Revestimiento exterior pino impregnado 1 x 5 o 6 dise\u00f1o a elecci\u00f3n<\/li><li>Revestimiento interior pino forro \u00bd x 4 o 5<\/li><li>Barrera humedad: per\u00edmetro, cielo y piso papel fieltro 15 x 40<\/li><li>Aislaci\u00f3n T\u00e9rmica: per\u00edmetro Aislapol 50 mm<\/li><li>Aislaci\u00f3n T\u00e9rmica en cielo y piso fisiten de 50 mm<\/li><li>Ventanas de Aluminio con Vidrio<\/li><li>Puerta de acceso principal y servicio atable rada de pino con chapa (Scanavini)<\/li><li>Puertas interiores hdf modelo sinfon\u00eda 6 cuadros con chapa Poli<\/li><li>Piso living \u2013 comedor y dormitorios pino pulido y vitrificado<\/li><li>Piso de cocina y ba\u00f1os con cer\u00e1mica (valor referencia m\u00e1xima 15.000 xm2)<\/li><li>Sala de ba\u00f1os marca Valencia o similar (tina, wc y vanistorios de 60cm.)<\/li><li>Per\u00edmetro de tina con cer\u00e1mica (valor referencia m\u00e1xima 8.500 x m2)<\/li><li>Cocina con Calef\u00f3n ionizado 7 lts y gasfiter\u00eda para lava plato y cocina (gas)<\/li><li>Gasfiter\u00eda de Cobre embutida al per\u00edmetro<\/li><li>Instalaci\u00f3n El\u00e9ctrica embutida (4 centros living-comedor, 1 en pasillo, 4 en cocina, 4 en Suite, 3 en dormitorios, 2 en ba\u00f1os y 2 en exterior), artefactos Bticino Modus, color beige<\/li><li>Pintura interior: Barniz Marino natural<\/li><li>Pintura exterior: Color a elecci\u00f3n<\/li><li>No contempla Empalme El\u00e9ctrico, agua y alcantarillado<\/li><\/ul>\t\t\t\t\t\t<\/div>\n\t\t\t\t<\/div>\n\t\t\t\t\t<\/div>\n\t\t<\/div>\n\t\t\t\t\t\t\t<\/div>\n\t\t<\/section>\n\t\t\t\t\t\t\t<\/div>\n\t\t","protected":false},"excerpt":{"rendered":"<p>Nuestras Casas Modelo Chillan Coihueco 115 M2 Especificaciones tecnicas generales para linea full Montada sobre pilotes de hormig\u00f3n o pino impregnado seg\u00fan desnivel Cubierta osb y teja asf\u00e1ltica color a elecci\u00f3n (altura cercha 1.6. mt.) Estructura de paneles de pino 2 x 3 impregnado Revestimiento exterior pino impregnado 1 x 5 o 6 dise\u00f1o a &hellip;<\/p>\n<p class=\"read-more\"> <a class=\"\" href=\"https:\/\/brugotther.cl\/casasazocar\/index.php\/chillan-coihueco\/\"> <span class=\"screen-reader-text\">CHILLAN COIHUECO<\/span> Read More &raquo;<\/a><\/p>\n","protected":false},"author":1,"featured_media":0,"parent":0,"menu_order":0,"comment_status":"closed","ping_status":"closed","template":"","meta":{"footnotes":""},"class_list":["post-49","page","type-page","status-publish","hentry"],"_links":{"self":[{"href":"https:\/\/brugotther.cl\/casasazocar\/index.php\/wp-json\/wp\/v2\/pages\/49","targetHints":{"allow":["GET"]}}],"collection":[{"href":"https:\/\/brugotther.cl\/casasazocar\/index.php\/wp-json\/wp\/v2\/pages"}],"about":[{"href":"https:\/\/brugotther.cl\/casasazocar\/index.php\/wp-json\/wp\/v2\/types\/page"}],"author":[{"embeddable":true,"href":"https:\/\/brugotther.cl\/casasazocar\/index.php\/wp-json\/wp\/v2\/users\/1"}],"replies":[{"embeddable":true,"href":"https:\/\/brugotther.cl\/casasazocar\/index.php\/wp-json\/wp\/v2\/comments?post=49"}],"version-history":[{"count":25,"href":"https:\/\/brugotther.cl\/casasazocar\/index.php\/wp-json\/wp\/v2\/pages\/49\/revisions"}],"predecessor-version":[{"id":1942,"href":"https:\/\/brugotther.cl\/casasazocar\/index.php\/wp-json\/wp\/v2\/pages\/49\/revisions\/1942"}],"wp:attachment":[{"href":"https:\/\/brugotther.cl\/casasazocar\/index.php\/wp-json\/wp\/v2\/media?parent=49"}],"curies":[{"name":"wp","href":"https:\/\/api.w.org\/{rel}","templated":true}]}}