{"id":50,"date":"2021-06-30T20:14:32","date_gmt":"2021-06-30T23:14:32","guid":{"rendered":"https:\/\/brugotther.cl\/casasazocar\/?page_id=50"},"modified":"2022-06-06T11:13:37","modified_gmt":"2022-06-06T14:13:37","slug":"lago-machicura","status":"publish","type":"page","link":"https:\/\/brugotther.cl\/casasazocar\/index.php\/lago-machicura\/","title":{"rendered":"LAGO MACHICURA"},"content":{"rendered":"\t\t<div data-elementor-type=\"wp-page\" data-elementor-id=\"50\" class=\"elementor elementor-50\">\n\t\t\t\t\t\t\t\t\t<header class=\"has_ma_el_bg_slider elementor-section elementor-top-section elementor-element elementor-element-3a84704 elementor-section-height-min-height elementor-section-content-middle elementor-section-boxed elementor-section-height-default elementor-section-items-middle jltma-glass-effect-no\" data-id=\"3a84704\" data-element_type=\"section\" data-settings=\"{&quot;background_background&quot;:&quot;classic&quot;}\">\n\t\t\t\t\t\t\t<div class=\"elementor-background-overlay\"><\/div>\n\t\t\t\t\t\t\t<div class=\"elementor-container elementor-column-gap-default\">\n\t\t\t\t\t<div class=\"has_ma_el_bg_slider elementor-column elementor-col-100 elementor-top-column elementor-element elementor-element-caa4f51 jltma-glass-effect-no\" data-id=\"caa4f51\" data-element_type=\"column\">\n\t\t\t<div class=\"elementor-widget-wrap elementor-element-populated\">\n\t\t\t\t\t\t\t\t<div class=\"elementor-element elementor-element-8deec6f jltma-glass-effect-no elementor-widget elementor-widget-heading\" data-id=\"8deec6f\" data-element_type=\"widget\" data-widget_type=\"heading.default\">\n\t\t\t\t<div class=\"elementor-widget-container\">\n\t\t\t<h3 class=\"elementor-heading-title elementor-size-large\">Nuestras<\/h3>\t\t<\/div>\n\t\t\t\t<\/div>\n\t\t\t\t<div class=\"elementor-element elementor-element-cd01eb1 jltma-glass-effect-no elementor-widget elementor-widget-heading\" data-id=\"cd01eb1\" data-element_type=\"widget\" data-widget_type=\"heading.default\">\n\t\t\t\t<div class=\"elementor-widget-container\">\n\t\t\t<h1 class=\"elementor-heading-title elementor-size-xxl\">Casas<\/h1>\t\t<\/div>\n\t\t\t\t<\/div>\n\t\t\t\t\t<\/div>\n\t\t<\/div>\n\t\t\t\t\t\t\t<\/div>\n\t\t<\/header>\n\t\t\t\t<section class=\"has_ma_el_bg_slider elementor-section elementor-top-section elementor-element elementor-element-8ee29b8 elementor-section-boxed elementor-section-height-default elementor-section-height-default jltma-glass-effect-no\" data-id=\"8ee29b8\" data-element_type=\"section\" data-settings=\"{&quot;background_background&quot;:&quot;classic&quot;}\">\n\t\t\t\t\t\t<div class=\"elementor-container elementor-column-gap-no\">\n\t\t\t\t\t<div class=\"has_ma_el_bg_slider elementor-column elementor-col-100 elementor-top-column elementor-element elementor-element-71e1bcf jltma-glass-effect-no\" data-id=\"71e1bcf\" data-element_type=\"column\">\n\t\t\t<div class=\"elementor-widget-wrap elementor-element-populated\">\n\t\t\t\t\t\t\t\t<section class=\"has_ma_el_bg_slider elementor-section elementor-inner-section elementor-element elementor-element-d1c41bb elementor-section-height-min-height elementor-section-boxed elementor-section-height-default jltma-glass-effect-no\" data-id=\"d1c41bb\" data-element_type=\"section\">\n\t\t\t\t\t\t<div class=\"elementor-container elementor-column-gap-default\">\n\t\t\t\t\t<div class=\"has_ma_el_bg_slider elementor-column elementor-col-50 elementor-inner-column elementor-element elementor-element-b379083 jltma-glass-effect-no\" data-id=\"b379083\" data-element_type=\"column\" data-settings=\"{&quot;background_background&quot;:&quot;classic&quot;}\">\n\t\t\t<div class=\"elementor-widget-wrap elementor-element-populated\">\n\t\t\t\t\t\t\t\t<div class=\"elementor-element elementor-element-0da11ad jltma-glass-effect-no elementor-widget elementor-widget-image\" data-id=\"0da11ad\" data-element_type=\"widget\" data-widget_type=\"image.default\">\n\t\t\t\t<div class=\"elementor-widget-container\">\n\t\t\t\t\t\t\t\t\t\t\t\t\t\t\t<img decoding=\"async\" src=\"https:\/\/brugotther.cl\/casasazocar\/wp-content\/uploads\/2021\/07\/jakob-owens-317800-unsplash.jpg\" title=\"\" alt=\"\" \/>\t\t\t\t\t\t\t\t\t\t\t\t\t\t\t<\/div>\n\t\t\t\t<\/div>\n\t\t\t\t\t<\/div>\n\t\t<\/div>\n\t\t\t\t<div class=\"has_ma_el_bg_slider elementor-column elementor-col-50 elementor-inner-column elementor-element elementor-element-6aa17da jltma-glass-effect-no\" data-id=\"6aa17da\" data-element_type=\"column\" data-settings=\"{&quot;background_background&quot;:&quot;classic&quot;}\">\n\t\t\t<div class=\"elementor-widget-wrap elementor-element-populated\">\n\t\t\t\t\t\t\t\t<div class=\"elementor-element elementor-element-4333084 jltma-glass-effect-no elementor-widget elementor-widget-heading\" data-id=\"4333084\" data-element_type=\"widget\" data-widget_type=\"heading.default\">\n\t\t\t\t<div class=\"elementor-widget-container\">\n\t\t\t<h4 class=\"elementor-heading-title elementor-size-medium\"><a href=\"#\">Modelo<\/a><\/h4>\t\t<\/div>\n\t\t\t\t<\/div>\n\t\t\t\t<div class=\"elementor-element elementor-element-5b9be2e jltma-glass-effect-no elementor-widget elementor-widget-heading\" data-id=\"5b9be2e\" data-element_type=\"widget\" data-widget_type=\"heading.default\">\n\t\t\t\t<div class=\"elementor-widget-container\">\n\t\t\t<h2 class=\"elementor-heading-title elementor-size-xl\"><a href=\"#\">Lago Machicura<\/a><\/h2>\t\t<\/div>\n\t\t\t\t<\/div>\n\t\t\t\t<div class=\"elementor-element elementor-element-21357e7 jltma-glass-effect-no elementor-widget elementor-widget-text-editor\" data-id=\"21357e7\" data-element_type=\"widget\" data-widget_type=\"text-editor.default\">\n\t\t\t\t<div class=\"elementor-widget-container\">\n\t\t\t\t\t\t\t<p>116.2 M2<\/p>\t\t\t\t\t\t<\/div>\n\t\t\t\t<\/div>\n\t\t\t\t\t<\/div>\n\t\t<\/div>\n\t\t\t\t\t\t\t<\/div>\n\t\t<\/section>\n\t\t\t\t\t<\/div>\n\t\t<\/div>\n\t\t\t\t\t\t\t<\/div>\n\t\t<\/section>\n\t\t\t\t<section class=\"has_ma_el_bg_slider elementor-section elementor-top-section elementor-element elementor-element-4ab1756 elementor-section-boxed elementor-section-height-default elementor-section-height-default jltma-glass-effect-no\" data-id=\"4ab1756\" data-element_type=\"section\">\n\t\t\t\t\t\t<div class=\"elementor-container elementor-column-gap-default\">\n\t\t\t\t\t<div class=\"has_ma_el_bg_slider elementor-column elementor-col-100 elementor-top-column elementor-element elementor-element-2602956 jltma-glass-effect-no\" data-id=\"2602956\" data-element_type=\"column\">\n\t\t\t<div class=\"elementor-widget-wrap elementor-element-populated\">\n\t\t\t\t\t\t\t\t<div class=\"elementor-element elementor-element-acb0cd8 gallery-spacing-custom jltma-glass-effect-no elementor-widget elementor-widget-image-gallery\" data-id=\"acb0cd8\" data-element_type=\"widget\" data-widget_type=\"image-gallery.default\">\n\t\t\t\t<div class=\"elementor-widget-container\">\n\t\t\t\t\t<div class=\"elementor-image-gallery\">\n\t\t\t<div id='gallery-1' class='gallery galleryid-50 gallery-columns-4 gallery-size-2048x2048'><figure class='gallery-item'>\n\t\t\t<div class='gallery-icon landscape'>\n\t\t\t\t<a data-elementor-open-lightbox=\"yes\" data-elementor-lightbox-slideshow=\"acb0cd8\" data-elementor-lightbox-title=\"28\" e-action-hash=\"#elementor-action%3Aaction%3Dlightbox%26settings%3DeyJpZCI6ODAyLCJ1cmwiOiJodHRwczpcL1wvYnJ1Z290dGhlci5jbFwvY2FzYXNhem9jYXJcL3dwLWNvbnRlbnRcL3VwbG9hZHNcLzIwMjFcLzA3XC8yOC0yLmpwZyIsInNsaWRlc2hvdyI6ImFjYjBjZDgifQ%3D%3D\" href='https:\/\/brugotther.cl\/casasazocar\/wp-content\/uploads\/2021\/07\/28-2.jpg'><img loading=\"lazy\" decoding=\"async\" width=\"600\" height=\"400\" src=\"https:\/\/brugotther.cl\/casasazocar\/wp-content\/uploads\/2021\/07\/28-2.jpg\" class=\"attachment-2048x2048 size-2048x2048\" alt=\"\" srcset=\"https:\/\/brugotther.cl\/casasazocar\/wp-content\/uploads\/2021\/07\/28-2.jpg 600w, https:\/\/brugotther.cl\/casasazocar\/wp-content\/uploads\/2021\/07\/28-2-300x200.jpg 300w\" sizes=\"auto, (max-width: 600px) 100vw, 600px\" \/><\/a>\n\t\t\t<\/div><\/figure><figure class='gallery-item'>\n\t\t\t<div class='gallery-icon landscape'>\n\t\t\t\t<a data-elementor-open-lightbox=\"yes\" data-elementor-lightbox-slideshow=\"acb0cd8\" data-elementor-lightbox-title=\"29\" e-action-hash=\"#elementor-action%3Aaction%3Dlightbox%26settings%3DeyJpZCI6ODAzLCJ1cmwiOiJodHRwczpcL1wvYnJ1Z290dGhlci5jbFwvY2FzYXNhem9jYXJcL3dwLWNvbnRlbnRcL3VwbG9hZHNcLzIwMjFcLzA3XC8yOS0yLmpwZyIsInNsaWRlc2hvdyI6ImFjYjBjZDgifQ%3D%3D\" href='https:\/\/brugotther.cl\/casasazocar\/wp-content\/uploads\/2021\/07\/29-2.jpg'><img loading=\"lazy\" decoding=\"async\" width=\"600\" height=\"400\" src=\"https:\/\/brugotther.cl\/casasazocar\/wp-content\/uploads\/2021\/07\/29-2.jpg\" class=\"attachment-2048x2048 size-2048x2048\" alt=\"\" srcset=\"https:\/\/brugotther.cl\/casasazocar\/wp-content\/uploads\/2021\/07\/29-2.jpg 600w, https:\/\/brugotther.cl\/casasazocar\/wp-content\/uploads\/2021\/07\/29-2-300x200.jpg 300w\" sizes=\"auto, (max-width: 600px) 100vw, 600px\" \/><\/a>\n\t\t\t<\/div><\/figure><figure class='gallery-item'>\n\t\t\t<div class='gallery-icon landscape'>\n\t\t\t\t<a data-elementor-open-lightbox=\"yes\" data-elementor-lightbox-slideshow=\"acb0cd8\" data-elementor-lightbox-title=\"lago_machicura\" e-action-hash=\"#elementor-action%3Aaction%3Dlightbox%26settings%3DeyJpZCI6ODA0LCJ1cmwiOiJodHRwczpcL1wvYnJ1Z290dGhlci5jbFwvY2FzYXNhem9jYXJcL3dwLWNvbnRlbnRcL3VwbG9hZHNcLzIwMjFcLzA3XC9sYWdvX21hY2hpY3VyYS0xLmpwZyIsInNsaWRlc2hvdyI6ImFjYjBjZDgifQ%3D%3D\" href='https:\/\/brugotther.cl\/casasazocar\/wp-content\/uploads\/2021\/07\/lago_machicura-1.jpg'><img loading=\"lazy\" decoding=\"async\" width=\"1021\" height=\"689\" src=\"https:\/\/brugotther.cl\/casasazocar\/wp-content\/uploads\/2021\/07\/lago_machicura-1.jpg\" class=\"attachment-2048x2048 size-2048x2048\" alt=\"\" srcset=\"https:\/\/brugotther.cl\/casasazocar\/wp-content\/uploads\/2021\/07\/lago_machicura-1.jpg 1021w, https:\/\/brugotther.cl\/casasazocar\/wp-content\/uploads\/2021\/07\/lago_machicura-1-300x202.jpg 300w, https:\/\/brugotther.cl\/casasazocar\/wp-content\/uploads\/2021\/07\/lago_machicura-1-768x518.jpg 768w\" sizes=\"auto, (max-width: 1021px) 100vw, 1021px\" \/><\/a>\n\t\t\t<\/div><\/figure>\n\t\t<\/div>\n\t\t<\/div>\n\t\t\t\t<\/div>\n\t\t\t\t<\/div>\n\t\t\t\t\t<\/div>\n\t\t<\/div>\n\t\t\t\t\t\t\t<\/div>\n\t\t<\/section>\n\t\t\t\t<section class=\"has_ma_el_bg_slider elementor-section elementor-top-section elementor-element elementor-element-79a51d9 elementor-section-boxed elementor-section-height-default elementor-section-height-default jltma-glass-effect-no\" data-id=\"79a51d9\" data-element_type=\"section\">\n\t\t\t\t\t\t<div class=\"elementor-container elementor-column-gap-default\">\n\t\t\t\t\t<div class=\"has_ma_el_bg_slider elementor-column elementor-col-100 elementor-top-column elementor-element elementor-element-08466ed jltma-glass-effect-no\" data-id=\"08466ed\" data-element_type=\"column\" data-settings=\"{&quot;background_background&quot;:&quot;classic&quot;}\">\n\t\t\t<div class=\"elementor-widget-wrap elementor-element-populated\">\n\t\t\t\t\t\t\t\t<div class=\"elementor-element elementor-element-ea92613 jltma-glass-effect-no elementor-widget elementor-widget-heading\" data-id=\"ea92613\" data-element_type=\"widget\" data-widget_type=\"heading.default\">\n\t\t\t\t<div class=\"elementor-widget-container\">\n\t\t\t<h2 class=\"elementor-heading-title elementor-size-xl\"><a href=\"#\">Especificaciones tecnicas generales para linea full<\/a><\/h2>\t\t<\/div>\n\t\t\t\t<\/div>\n\t\t\t\t<div class=\"elementor-element elementor-element-0ae101d jltma-glass-effect-no elementor-widget elementor-widget-text-editor\" data-id=\"0ae101d\" data-element_type=\"widget\" data-widget_type=\"text-editor.default\">\n\t\t\t\t<div class=\"elementor-widget-container\">\n\t\t\t\t\t\t\t<ul><li>Montada sobre pilotes 5&#8243;<\/li><li>Cubierta zinc de 0.30mm acanalado.<\/li><li>Estructura de paneles pino 1 1\/2 &#8220;3&#8221; impregnado.<\/li><li>Revestimiento exterior pino tipo tronco o similar impregnado 1 x 5&#8243;<\/li><li>Revestimiento interior pino 1\/2 &#8220;4&#8221; (muros y cielo).<\/li><li>Barrera humedad: per\u00edmetro, piso y cielo (papel fieltro 10\/40).<\/li><li>Aislaci\u00f3n t\u00e9rmica: per\u00edmetro, piso y cielo (poliestireno expandido 50mm).<\/li><li>Ventana de aluminio con vidrio 3mm.<\/li><li>Viga a la vista en living-comedor<\/li><li>Puerta de acceso atablerada e interior terciado con chapas<\/li><li>Per\u00edmetro de tina con cer\u00e1mica (valor referencia m\u00e1xima $ 3.000 x m2).<\/li><li>Piso de ba\u00f1o y cocina con cer\u00e1mica (valor referencia cer\u00e1mica $ 3.500 x m2).<\/li><li>Pisos de living comedor y dormitorio pino de 1&#215;4<\/li><li>Sala de ba\u00f1o completa (tina, wc y lavamanos)<\/li><li>Cocina con calef\u00f3n 5 Its ionizado y lavaplatos de 80cms con mueble.<\/li><li>Gasfiter\u00eda de cobre embutida (cocina y ba\u00f1o).<\/li><li>Instalaci\u00f3n el\u00e9ctrica embutida (2 centros en living comedor, 3 en cocina, 4 en dormitorio principal, 3 en ll dormitorio, 2 en ba\u00f1o y 1 en exterior), artefactos Bticino Modus, color beige.<\/li><li>Pintura exterior e interior barniz marino natural (dos manos)<\/li><\/ul>\t\t\t\t\t\t<\/div>\n\t\t\t\t<\/div>\n\t\t\t\t\t<\/div>\n\t\t<\/div>\n\t\t\t\t\t\t\t<\/div>\n\t\t<\/section>\n\t\t\t\t\t\t\t<\/div>\n\t\t","protected":false},"excerpt":{"rendered":"<p>Nuestras Casas Modelo Lago Machicura 116.2 M2 Especificaciones tecnicas generales para linea full Montada sobre pilotes 5&#8243; Cubierta zinc de 0.30mm acanalado. Estructura de paneles pino 1 1\/2 &#8220;3&#8221; impregnado. Revestimiento exterior pino tipo tronco o similar impregnado 1 x 5&#8243; Revestimiento interior pino 1\/2 &#8220;4&#8221; (muros y cielo). Barrera humedad: per\u00edmetro, piso y cielo &hellip;<\/p>\n<p class=\"read-more\"> <a class=\"\" href=\"https:\/\/brugotther.cl\/casasazocar\/index.php\/lago-machicura\/\"> <span class=\"screen-reader-text\">LAGO MACHICURA<\/span> Read More &raquo;<\/a><\/p>\n","protected":false},"author":1,"featured_media":0,"parent":0,"menu_order":0,"comment_status":"closed","ping_status":"closed","template":"","meta":{"footnotes":""},"class_list":["post-50","page","type-page","status-publish","hentry"],"_links":{"self":[{"href":"https:\/\/brugotther.cl\/casasazocar\/index.php\/wp-json\/wp\/v2\/pages\/50","targetHints":{"allow":["GET"]}}],"collection":[{"href":"https:\/\/brugotther.cl\/casasazocar\/index.php\/wp-json\/wp\/v2\/pages"}],"about":[{"href":"https:\/\/brugotther.cl\/casasazocar\/index.php\/wp-json\/wp\/v2\/types\/page"}],"author":[{"embeddable":true,"href":"https:\/\/brugotther.cl\/casasazocar\/index.php\/wp-json\/wp\/v2\/users\/1"}],"replies":[{"embeddable":true,"href":"https:\/\/brugotther.cl\/casasazocar\/index.php\/wp-json\/wp\/v2\/comments?post=50"}],"version-history":[{"count":22,"href":"https:\/\/brugotther.cl\/casasazocar\/index.php\/wp-json\/wp\/v2\/pages\/50\/revisions"}],"predecessor-version":[{"id":1880,"href":"https:\/\/brugotther.cl\/casasazocar\/index.php\/wp-json\/wp\/v2\/pages\/50\/revisions\/1880"}],"wp:attachment":[{"href":"https:\/\/brugotther.cl\/casasazocar\/index.php\/wp-json\/wp\/v2\/media?parent=50"}],"curies":[{"name":"wp","href":"https:\/\/api.w.org\/{rel}","templated":true}]}}