{"id":737,"date":"2021-07-08T14:14:35","date_gmt":"2021-07-08T17:14:35","guid":{"rendered":"https:\/\/brugotther.cl\/casasazocar\/?page_id=737"},"modified":"2022-06-07T10:48:25","modified_gmt":"2022-06-07T13:48:25","slug":"limache","status":"publish","type":"page","link":"https:\/\/brugotther.cl\/casasazocar\/index.php\/limache\/","title":{"rendered":"LIMACHE"},"content":{"rendered":"\t\t<div data-elementor-type=\"wp-page\" data-elementor-id=\"737\" class=\"elementor elementor-737\">\n\t\t\t\t\t\t\t\t\t<header class=\"has_ma_el_bg_slider elementor-section elementor-top-section elementor-element elementor-element-469620b elementor-section-height-min-height elementor-section-content-middle elementor-section-boxed elementor-section-height-default elementor-section-items-middle jltma-glass-effect-no\" data-id=\"469620b\" data-element_type=\"section\" data-settings=\"{&quot;background_background&quot;:&quot;classic&quot;}\">\n\t\t\t\t\t\t\t<div class=\"elementor-background-overlay\"><\/div>\n\t\t\t\t\t\t\t<div class=\"elementor-container elementor-column-gap-default\">\n\t\t\t\t\t<div class=\"has_ma_el_bg_slider elementor-column elementor-col-100 elementor-top-column elementor-element elementor-element-e307eb3 jltma-glass-effect-no\" data-id=\"e307eb3\" data-element_type=\"column\">\n\t\t\t<div class=\"elementor-widget-wrap elementor-element-populated\">\n\t\t\t\t\t\t\t\t<div class=\"elementor-element elementor-element-87f7424 jltma-glass-effect-no elementor-widget elementor-widget-heading\" data-id=\"87f7424\" data-element_type=\"widget\" data-widget_type=\"heading.default\">\n\t\t\t\t<div class=\"elementor-widget-container\">\n\t\t\t<h3 class=\"elementor-heading-title elementor-size-large\">Nuestras<\/h3>\t\t<\/div>\n\t\t\t\t<\/div>\n\t\t\t\t<div class=\"elementor-element elementor-element-5c80f07 jltma-glass-effect-no elementor-widget elementor-widget-heading\" data-id=\"5c80f07\" data-element_type=\"widget\" data-widget_type=\"heading.default\">\n\t\t\t\t<div class=\"elementor-widget-container\">\n\t\t\t<h1 class=\"elementor-heading-title elementor-size-xxl\">Casas<\/h1>\t\t<\/div>\n\t\t\t\t<\/div>\n\t\t\t\t\t<\/div>\n\t\t<\/div>\n\t\t\t\t\t\t\t<\/div>\n\t\t<\/header>\n\t\t\t\t<section class=\"has_ma_el_bg_slider elementor-section elementor-top-section elementor-element elementor-element-16e124a elementor-section-boxed elementor-section-height-default elementor-section-height-default jltma-glass-effect-no\" data-id=\"16e124a\" data-element_type=\"section\" data-settings=\"{&quot;background_background&quot;:&quot;classic&quot;}\">\n\t\t\t\t\t\t<div class=\"elementor-container elementor-column-gap-no\">\n\t\t\t\t\t<div class=\"has_ma_el_bg_slider elementor-column elementor-col-100 elementor-top-column elementor-element elementor-element-21a92a2 jltma-glass-effect-no\" data-id=\"21a92a2\" data-element_type=\"column\">\n\t\t\t<div class=\"elementor-widget-wrap elementor-element-populated\">\n\t\t\t\t\t\t\t\t<section class=\"has_ma_el_bg_slider elementor-section elementor-inner-section elementor-element elementor-element-9dd36b9 elementor-section-height-min-height elementor-section-boxed elementor-section-height-default jltma-glass-effect-no\" data-id=\"9dd36b9\" data-element_type=\"section\">\n\t\t\t\t\t\t<div class=\"elementor-container elementor-column-gap-default\">\n\t\t\t\t\t<div class=\"has_ma_el_bg_slider elementor-column elementor-col-50 elementor-inner-column elementor-element elementor-element-f6814a3 jltma-glass-effect-no\" data-id=\"f6814a3\" data-element_type=\"column\" data-settings=\"{&quot;background_background&quot;:&quot;classic&quot;}\">\n\t\t\t<div class=\"elementor-widget-wrap elementor-element-populated\">\n\t\t\t\t\t\t\t\t<div class=\"elementor-element elementor-element-809bcdd jltma-glass-effect-no elementor-widget elementor-widget-image\" data-id=\"809bcdd\" data-element_type=\"widget\" data-widget_type=\"image.default\">\n\t\t\t\t<div class=\"elementor-widget-container\">\n\t\t\t\t\t\t\t\t\t\t\t\t\t\t\t<img decoding=\"async\" src=\"https:\/\/brugotther.cl\/casasazocar\/wp-content\/uploads\/2021\/07\/jakob-owens-317800-unsplash.jpg\" title=\"\" alt=\"\" \/>\t\t\t\t\t\t\t\t\t\t\t\t\t\t\t<\/div>\n\t\t\t\t<\/div>\n\t\t\t\t\t<\/div>\n\t\t<\/div>\n\t\t\t\t<div class=\"has_ma_el_bg_slider elementor-column elementor-col-50 elementor-inner-column elementor-element elementor-element-451c686 jltma-glass-effect-no\" data-id=\"451c686\" data-element_type=\"column\" data-settings=\"{&quot;background_background&quot;:&quot;classic&quot;}\">\n\t\t\t<div class=\"elementor-widget-wrap elementor-element-populated\">\n\t\t\t\t\t\t\t\t<div class=\"elementor-element elementor-element-31bedfe jltma-glass-effect-no elementor-widget elementor-widget-heading\" data-id=\"31bedfe\" data-element_type=\"widget\" data-widget_type=\"heading.default\">\n\t\t\t\t<div class=\"elementor-widget-container\">\n\t\t\t<h4 class=\"elementor-heading-title elementor-size-medium\"><a href=\"#\">Modelo<\/a><\/h4>\t\t<\/div>\n\t\t\t\t<\/div>\n\t\t\t\t<div class=\"elementor-element elementor-element-1ed42ed jltma-glass-effect-no elementor-widget elementor-widget-heading\" data-id=\"1ed42ed\" data-element_type=\"widget\" data-widget_type=\"heading.default\">\n\t\t\t\t<div class=\"elementor-widget-container\">\n\t\t\t<h2 class=\"elementor-heading-title elementor-size-xl\"><a href=\"#\">Limache<\/a><\/h2>\t\t<\/div>\n\t\t\t\t<\/div>\n\t\t\t\t<div class=\"elementor-element elementor-element-88567b4 jltma-glass-effect-no elementor-widget elementor-widget-text-editor\" data-id=\"88567b4\" data-element_type=\"widget\" data-widget_type=\"text-editor.default\">\n\t\t\t\t<div class=\"elementor-widget-container\">\n\t\t\t\t\t\t\t<p>91 m2<\/p>\t\t\t\t\t\t<\/div>\n\t\t\t\t<\/div>\n\t\t\t\t\t<\/div>\n\t\t<\/div>\n\t\t\t\t\t\t\t<\/div>\n\t\t<\/section>\n\t\t\t\t\t<\/div>\n\t\t<\/div>\n\t\t\t\t\t\t\t<\/div>\n\t\t<\/section>\n\t\t\t\t<section class=\"has_ma_el_bg_slider elementor-section elementor-top-section elementor-element elementor-element-1c99a33 elementor-section-boxed elementor-section-height-default elementor-section-height-default jltma-glass-effect-no\" data-id=\"1c99a33\" data-element_type=\"section\">\n\t\t\t\t\t\t<div class=\"elementor-container elementor-column-gap-default\">\n\t\t\t\t\t<div class=\"has_ma_el_bg_slider elementor-column elementor-col-100 elementor-top-column elementor-element elementor-element-73030ec jltma-glass-effect-no\" data-id=\"73030ec\" data-element_type=\"column\">\n\t\t\t<div class=\"elementor-widget-wrap\">\n\t\t\t\t\t\t\t\t\t<\/div>\n\t\t<\/div>\n\t\t\t\t\t\t\t<\/div>\n\t\t<\/section>\n\t\t\t\t<section class=\"has_ma_el_bg_slider elementor-section elementor-top-section elementor-element elementor-element-60210c7 elementor-section-boxed elementor-section-height-default elementor-section-height-default jltma-glass-effect-no\" data-id=\"60210c7\" data-element_type=\"section\">\n\t\t\t\t\t\t<div class=\"elementor-container elementor-column-gap-default\">\n\t\t\t\t\t<div class=\"has_ma_el_bg_slider elementor-column elementor-col-100 elementor-top-column elementor-element elementor-element-19e51d4 jltma-glass-effect-no\" data-id=\"19e51d4\" data-element_type=\"column\" data-settings=\"{&quot;background_background&quot;:&quot;classic&quot;}\">\n\t\t\t<div class=\"elementor-widget-wrap elementor-element-populated\">\n\t\t\t\t\t\t\t\t<div class=\"elementor-element elementor-element-e456db3 jltma-glass-effect-no elementor-widget elementor-widget-heading\" data-id=\"e456db3\" data-element_type=\"widget\" data-widget_type=\"heading.default\">\n\t\t\t\t<div class=\"elementor-widget-container\">\n\t\t\t<h2 class=\"elementor-heading-title elementor-size-xl\"><a href=\"#\">Especificaciones tecnicas generales para linea full<\/a><\/h2>\t\t<\/div>\n\t\t\t\t<\/div>\n\t\t\t\t<div class=\"elementor-element elementor-element-81628dd gallery-spacing-custom jltma-glass-effect-no elementor-widget elementor-widget-image-gallery\" data-id=\"81628dd\" data-element_type=\"widget\" data-widget_type=\"image-gallery.default\">\n\t\t\t\t<div class=\"elementor-widget-container\">\n\t\t\t\t\t<div class=\"elementor-image-gallery\">\n\t\t\t<div id='gallery-1' class='gallery galleryid-737 gallery-columns-4 gallery-size-2048x2048'><figure class='gallery-item'>\n\t\t\t<div class='gallery-icon landscape'>\n\t\t\t\t<a data-elementor-open-lightbox=\"yes\" data-elementor-lightbox-slideshow=\"81628dd\" data-elementor-lightbox-title=\"_jjv1893\" e-action-hash=\"#elementor-action%3Aaction%3Dlightbox%26settings%3DeyJpZCI6NzQ3LCJ1cmwiOiJodHRwczpcL1wvYnJ1Z290dGhlci5jbFwvY2FzYXNhem9jYXJcL3dwLWNvbnRlbnRcL3VwbG9hZHNcLzIwMjFcLzA3XC9qanYxODkzLTEuanBnIiwic2xpZGVzaG93IjoiODE2MjhkZCJ9\" href='https:\/\/brugotther.cl\/casasazocar\/wp-content\/uploads\/2021\/07\/jjv1893-1.jpg'><img loading=\"lazy\" decoding=\"async\" width=\"800\" height=\"534\" src=\"https:\/\/brugotther.cl\/casasazocar\/wp-content\/uploads\/2021\/07\/jjv1893-1.jpg\" class=\"attachment-2048x2048 size-2048x2048\" alt=\"\" srcset=\"https:\/\/brugotther.cl\/casasazocar\/wp-content\/uploads\/2021\/07\/jjv1893-1.jpg 800w, https:\/\/brugotther.cl\/casasazocar\/wp-content\/uploads\/2021\/07\/jjv1893-1-300x200.jpg 300w, https:\/\/brugotther.cl\/casasazocar\/wp-content\/uploads\/2021\/07\/jjv1893-1-768x513.jpg 768w\" sizes=\"auto, (max-width: 800px) 100vw, 800px\" \/><\/a>\n\t\t\t<\/div><\/figure><figure class='gallery-item'>\n\t\t\t<div class='gallery-icon landscape'>\n\t\t\t\t<a data-elementor-open-lightbox=\"yes\" data-elementor-lightbox-slideshow=\"81628dd\" data-elementor-lightbox-title=\"_jjv1891\" e-action-hash=\"#elementor-action%3Aaction%3Dlightbox%26settings%3DeyJpZCI6MTk4NywidXJsIjoiaHR0cHM6XC9cL2JydWdvdHRoZXIuY2xcL2Nhc2FzYXpvY2FyXC93cC1jb250ZW50XC91cGxvYWRzXC8yMDIyXC8wNlwvamp2MTg5MS5qcGciLCJzbGlkZXNob3ciOiI4MTYyOGRkIn0%3D\" href='https:\/\/brugotther.cl\/casasazocar\/wp-content\/uploads\/2022\/06\/jjv1891.jpg'><img loading=\"lazy\" decoding=\"async\" width=\"800\" height=\"534\" src=\"https:\/\/brugotther.cl\/casasazocar\/wp-content\/uploads\/2022\/06\/jjv1891.jpg\" class=\"attachment-2048x2048 size-2048x2048\" alt=\"\" srcset=\"https:\/\/brugotther.cl\/casasazocar\/wp-content\/uploads\/2022\/06\/jjv1891.jpg 800w, https:\/\/brugotther.cl\/casasazocar\/wp-content\/uploads\/2022\/06\/jjv1891-300x200.jpg 300w, https:\/\/brugotther.cl\/casasazocar\/wp-content\/uploads\/2022\/06\/jjv1891-768x513.jpg 768w\" sizes=\"auto, (max-width: 800px) 100vw, 800px\" \/><\/a>\n\t\t\t<\/div><\/figure><figure class='gallery-item'>\n\t\t\t<div class='gallery-icon landscape'>\n\t\t\t\t<a data-elementor-open-lightbox=\"yes\" data-elementor-lightbox-slideshow=\"81628dd\" data-elementor-lightbox-title=\"_jjv1893\" e-action-hash=\"#elementor-action%3Aaction%3Dlightbox%26settings%3DeyJpZCI6MTk4OCwidXJsIjoiaHR0cHM6XC9cL2JydWdvdHRoZXIuY2xcL2Nhc2FzYXpvY2FyXC93cC1jb250ZW50XC91cGxvYWRzXC8yMDIyXC8wNlwvamp2MTg5My5qcGciLCJzbGlkZXNob3ciOiI4MTYyOGRkIn0%3D\" href='https:\/\/brugotther.cl\/casasazocar\/wp-content\/uploads\/2022\/06\/jjv1893.jpg'><img loading=\"lazy\" decoding=\"async\" width=\"800\" height=\"534\" src=\"https:\/\/brugotther.cl\/casasazocar\/wp-content\/uploads\/2022\/06\/jjv1893.jpg\" class=\"attachment-2048x2048 size-2048x2048\" alt=\"\" srcset=\"https:\/\/brugotther.cl\/casasazocar\/wp-content\/uploads\/2022\/06\/jjv1893.jpg 800w, https:\/\/brugotther.cl\/casasazocar\/wp-content\/uploads\/2022\/06\/jjv1893-300x200.jpg 300w, https:\/\/brugotther.cl\/casasazocar\/wp-content\/uploads\/2022\/06\/jjv1893-768x513.jpg 768w\" sizes=\"auto, (max-width: 800px) 100vw, 800px\" \/><\/a>\n\t\t\t<\/div><\/figure><figure class='gallery-item'>\n\t\t\t<div class='gallery-icon landscape'>\n\t\t\t\t<a data-elementor-open-lightbox=\"yes\" data-elementor-lightbox-slideshow=\"81628dd\" data-elementor-lightbox-title=\"oficina_2\" e-action-hash=\"#elementor-action%3Aaction%3Dlightbox%26settings%3DeyJpZCI6NzQ5LCJ1cmwiOiJodHRwczpcL1wvYnJ1Z290dGhlci5jbFwvY2FzYXNhem9jYXJcL3dwLWNvbnRlbnRcL3VwbG9hZHNcLzIwMjFcLzA3XC9vZmljaW5hXzItMS5qcGciLCJzbGlkZXNob3ciOiI4MTYyOGRkIn0%3D\" href='https:\/\/brugotther.cl\/casasazocar\/wp-content\/uploads\/2021\/07\/oficina_2-1.jpg'><img loading=\"lazy\" decoding=\"async\" width=\"800\" height=\"499\" src=\"https:\/\/brugotther.cl\/casasazocar\/wp-content\/uploads\/2021\/07\/oficina_2-1.jpg\" class=\"attachment-2048x2048 size-2048x2048\" alt=\"\" srcset=\"https:\/\/brugotther.cl\/casasazocar\/wp-content\/uploads\/2021\/07\/oficina_2-1.jpg 800w, https:\/\/brugotther.cl\/casasazocar\/wp-content\/uploads\/2021\/07\/oficina_2-1-300x187.jpg 300w, https:\/\/brugotther.cl\/casasazocar\/wp-content\/uploads\/2021\/07\/oficina_2-1-768x479.jpg 768w\" sizes=\"auto, (max-width: 800px) 100vw, 800px\" \/><\/a>\n\t\t\t<\/div><\/figure><figure class='gallery-item'>\n\t\t\t<div class='gallery-icon landscape'>\n\t\t\t\t<a data-elementor-open-lightbox=\"yes\" data-elementor-lightbox-slideshow=\"81628dd\" data-elementor-lightbox-title=\"fa171d43-a108-41bf-8e17-0b6ea4429d1f\" e-action-hash=\"#elementor-action%3Aaction%3Dlightbox%26settings%3DeyJpZCI6MTk5NSwidXJsIjoiaHR0cHM6XC9cL2JydWdvdHRoZXIuY2xcL2Nhc2FzYXpvY2FyXC93cC1jb250ZW50XC91cGxvYWRzXC8yMDIyXC8wNlwvZmExNzFkNDMtYTEwOC00MWJmLThlMTctMGI2ZWE0NDI5ZDFmLmpwZyIsInNsaWRlc2hvdyI6IjgxNjI4ZGQifQ%3D%3D\" href='https:\/\/brugotther.cl\/casasazocar\/wp-content\/uploads\/2022\/06\/fa171d43-a108-41bf-8e17-0b6ea4429d1f.jpg'><img loading=\"lazy\" decoding=\"async\" width=\"1280\" height=\"1280\" src=\"https:\/\/brugotther.cl\/casasazocar\/wp-content\/uploads\/2022\/06\/fa171d43-a108-41bf-8e17-0b6ea4429d1f.jpg\" class=\"attachment-2048x2048 size-2048x2048\" alt=\"\" srcset=\"https:\/\/brugotther.cl\/casasazocar\/wp-content\/uploads\/2022\/06\/fa171d43-a108-41bf-8e17-0b6ea4429d1f.jpg 1280w, https:\/\/brugotther.cl\/casasazocar\/wp-content\/uploads\/2022\/06\/fa171d43-a108-41bf-8e17-0b6ea4429d1f-300x300.jpg 300w, https:\/\/brugotther.cl\/casasazocar\/wp-content\/uploads\/2022\/06\/fa171d43-a108-41bf-8e17-0b6ea4429d1f-1024x1024.jpg 1024w, https:\/\/brugotther.cl\/casasazocar\/wp-content\/uploads\/2022\/06\/fa171d43-a108-41bf-8e17-0b6ea4429d1f-150x150.jpg 150w, https:\/\/brugotther.cl\/casasazocar\/wp-content\/uploads\/2022\/06\/fa171d43-a108-41bf-8e17-0b6ea4429d1f-768x768.jpg 768w\" sizes=\"auto, (max-width: 1280px) 100vw, 1280px\" \/><\/a>\n\t\t\t<\/div><\/figure><figure class='gallery-item'>\n\t\t\t<div class='gallery-icon landscape'>\n\t\t\t\t<a data-elementor-open-lightbox=\"yes\" data-elementor-lightbox-slideshow=\"81628dd\" data-elementor-lightbox-title=\"97453a86-3a8b-4afc-910a-76f12291c267\" e-action-hash=\"#elementor-action%3Aaction%3Dlightbox%26settings%3DeyJpZCI6MTk5MiwidXJsIjoiaHR0cHM6XC9cL2JydWdvdHRoZXIuY2xcL2Nhc2FzYXpvY2FyXC93cC1jb250ZW50XC91cGxvYWRzXC8yMDIyXC8wNlwvOTc0NTNhODYtM2E4Yi00YWZjLTkxMGEtNzZmMTIyOTFjMjY3LmpwZyIsInNsaWRlc2hvdyI6IjgxNjI4ZGQifQ%3D%3D\" href='https:\/\/brugotther.cl\/casasazocar\/wp-content\/uploads\/2022\/06\/97453a86-3a8b-4afc-910a-76f12291c267.jpg'><img loading=\"lazy\" decoding=\"async\" width=\"1280\" height=\"1280\" src=\"https:\/\/brugotther.cl\/casasazocar\/wp-content\/uploads\/2022\/06\/97453a86-3a8b-4afc-910a-76f12291c267.jpg\" class=\"attachment-2048x2048 size-2048x2048\" alt=\"\" srcset=\"https:\/\/brugotther.cl\/casasazocar\/wp-content\/uploads\/2022\/06\/97453a86-3a8b-4afc-910a-76f12291c267.jpg 1280w, https:\/\/brugotther.cl\/casasazocar\/wp-content\/uploads\/2022\/06\/97453a86-3a8b-4afc-910a-76f12291c267-300x300.jpg 300w, https:\/\/brugotther.cl\/casasazocar\/wp-content\/uploads\/2022\/06\/97453a86-3a8b-4afc-910a-76f12291c267-1024x1024.jpg 1024w, https:\/\/brugotther.cl\/casasazocar\/wp-content\/uploads\/2022\/06\/97453a86-3a8b-4afc-910a-76f12291c267-150x150.jpg 150w, https:\/\/brugotther.cl\/casasazocar\/wp-content\/uploads\/2022\/06\/97453a86-3a8b-4afc-910a-76f12291c267-768x768.jpg 768w\" sizes=\"auto, (max-width: 1280px) 100vw, 1280px\" \/><\/a>\n\t\t\t<\/div><\/figure><figure class='gallery-item'>\n\t\t\t<div class='gallery-icon landscape'>\n\t\t\t\t<a data-elementor-open-lightbox=\"yes\" data-elementor-lightbox-slideshow=\"81628dd\" data-elementor-lightbox-title=\"eb257de5-2c87-489d-abe5-adb38af9a6ce\" e-action-hash=\"#elementor-action%3Aaction%3Dlightbox%26settings%3DeyJpZCI6MTk5NCwidXJsIjoiaHR0cHM6XC9cL2JydWdvdHRoZXIuY2xcL2Nhc2FzYXpvY2FyXC93cC1jb250ZW50XC91cGxvYWRzXC8yMDIyXC8wNlwvZWIyNTdkZTUtMmM4Ny00ODlkLWFiZTUtYWRiMzhhZjlhNmNlLmpwZyIsInNsaWRlc2hvdyI6IjgxNjI4ZGQifQ%3D%3D\" href='https:\/\/brugotther.cl\/casasazocar\/wp-content\/uploads\/2022\/06\/eb257de5-2c87-489d-abe5-adb38af9a6ce.jpg'><img loading=\"lazy\" decoding=\"async\" width=\"1280\" height=\"1280\" src=\"https:\/\/brugotther.cl\/casasazocar\/wp-content\/uploads\/2022\/06\/eb257de5-2c87-489d-abe5-adb38af9a6ce.jpg\" class=\"attachment-2048x2048 size-2048x2048\" alt=\"\" srcset=\"https:\/\/brugotther.cl\/casasazocar\/wp-content\/uploads\/2022\/06\/eb257de5-2c87-489d-abe5-adb38af9a6ce.jpg 1280w, https:\/\/brugotther.cl\/casasazocar\/wp-content\/uploads\/2022\/06\/eb257de5-2c87-489d-abe5-adb38af9a6ce-300x300.jpg 300w, https:\/\/brugotther.cl\/casasazocar\/wp-content\/uploads\/2022\/06\/eb257de5-2c87-489d-abe5-adb38af9a6ce-1024x1024.jpg 1024w, https:\/\/brugotther.cl\/casasazocar\/wp-content\/uploads\/2022\/06\/eb257de5-2c87-489d-abe5-adb38af9a6ce-150x150.jpg 150w, https:\/\/brugotther.cl\/casasazocar\/wp-content\/uploads\/2022\/06\/eb257de5-2c87-489d-abe5-adb38af9a6ce-768x768.jpg 768w\" sizes=\"auto, (max-width: 1280px) 100vw, 1280px\" \/><\/a>\n\t\t\t<\/div><\/figure>\n\t\t<\/div>\n\t\t<\/div>\n\t\t\t\t<\/div>\n\t\t\t\t<\/div>\n\t\t\t\t<div class=\"elementor-element elementor-element-1390a7f jltma-glass-effect-no elementor-widget elementor-widget-text-editor\" data-id=\"1390a7f\" data-element_type=\"widget\" data-widget_type=\"text-editor.default\">\n\t\t\t\t<div class=\"elementor-widget-container\">\n\t\t\t\t\t\t\t<ul><li>Montada sobre pilotes de hormig\u00f3n o pino impregnado seg\u00fan desnivel<\/li><li>Cubierta osb y teja asf\u00e1ltica color a elecci\u00f3n (altura cercha 1.6. mt.)<\/li><li>Estructura de paneles de pino 2 x 3 impregnado<\/li><li>Revestimiento exterior pino impregnado 1 x 5 o 6 dise\u00f1o a elecci\u00f3n<\/li><li>Revestimiento interior pino forro \u00bd x 4 o 5<\/li><li>Barrera humedad: per\u00edmetro, cielo y piso papel fieltro 15 x 40<\/li><li>Aislaci\u00f3n T\u00e9rmica: per\u00edmetro Aislapol 50 mm<\/li><li>Aislaci\u00f3n T\u00e9rmica en cielo y piso fisiten de 50 mm<\/li><li>Ventanas de Aluminio con Vidrio<\/li><li>Puerta de acceso principal y servicio atable rada de pino con chapa (Scanavini)<\/li><li>Puertas interiores hdf modelo sinfon\u00eda 6 cuadros con chapa Poli<\/li><li>Piso living \u2013 comedor y dormitorios pino pulido y vitrificado<\/li><li>Piso de cocina y ba\u00f1os con cer\u00e1mica (valor referencia m\u00e1xima 15.000 xm2)<\/li><li>Sala de ba\u00f1os marca Valencia o similar (tina, wc y vanistorios de 60cm.)<\/li><li>Per\u00edmetro de tina con cer\u00e1mica (valor referencia m\u00e1xima 8.500 x m2)<\/li><li>Cocina con Calef\u00f3n ionizado 7 lts y gasfiter\u00eda para lava plato y cocina (gas)<\/li><li>Gasfiter\u00eda de Cobre embutida al per\u00edmetro<\/li><li>Instalaci\u00f3n El\u00e9ctrica embutida (4 centros living-comedor, 1 en pasillo, 4 en cocina, 4 en Suite, 3 en dormitorios, 2 en ba\u00f1os y 2 en exterior), artefactos Bticino Modus, color beige<\/li><li>Pintura interior: Barniz Marino natural<\/li><li>Pintura exterior: Color a elecci\u00f3n<\/li><li>No contempla Empalme El\u00e9ctrico, agua y alcantarillado<\/li><\/ul>\t\t\t\t\t\t<\/div>\n\t\t\t\t<\/div>\n\t\t\t\t\t<\/div>\n\t\t<\/div>\n\t\t\t\t\t\t\t<\/div>\n\t\t<\/section>\n\t\t\t\t\t\t\t<\/div>\n\t\t","protected":false},"excerpt":{"rendered":"<p>Nuestras Casas Modelo Limache 91 m2 Especificaciones tecnicas generales para linea full Montada sobre pilotes de hormig\u00f3n o pino impregnado seg\u00fan desnivel Cubierta osb y teja asf\u00e1ltica color a elecci\u00f3n (altura cercha 1.6. mt.) Estructura de paneles de pino 2 x 3 impregnado Revestimiento exterior pino impregnado 1 x 5 o 6 dise\u00f1o a elecci\u00f3n &hellip;<\/p>\n<p class=\"read-more\"> <a class=\"\" href=\"https:\/\/brugotther.cl\/casasazocar\/index.php\/limache\/\"> <span class=\"screen-reader-text\">LIMACHE<\/span> Read More &raquo;<\/a><\/p>\n","protected":false},"author":1,"featured_media":0,"parent":0,"menu_order":0,"comment_status":"closed","ping_status":"closed","template":"","meta":{"footnotes":""},"class_list":["post-737","page","type-page","status-publish","hentry"],"_links":{"self":[{"href":"https:\/\/brugotther.cl\/casasazocar\/index.php\/wp-json\/wp\/v2\/pages\/737","targetHints":{"allow":["GET"]}}],"collection":[{"href":"https:\/\/brugotther.cl\/casasazocar\/index.php\/wp-json\/wp\/v2\/pages"}],"about":[{"href":"https:\/\/brugotther.cl\/casasazocar\/index.php\/wp-json\/wp\/v2\/types\/page"}],"author":[{"embeddable":true,"href":"https:\/\/brugotther.cl\/casasazocar\/index.php\/wp-json\/wp\/v2\/users\/1"}],"replies":[{"embeddable":true,"href":"https:\/\/brugotther.cl\/casasazocar\/index.php\/wp-json\/wp\/v2\/comments?post=737"}],"version-history":[{"count":28,"href":"https:\/\/brugotther.cl\/casasazocar\/index.php\/wp-json\/wp\/v2\/pages\/737\/revisions"}],"predecessor-version":[{"id":1998,"href":"https:\/\/brugotther.cl\/casasazocar\/index.php\/wp-json\/wp\/v2\/pages\/737\/revisions\/1998"}],"wp:attachment":[{"href":"https:\/\/brugotther.cl\/casasazocar\/index.php\/wp-json\/wp\/v2\/media?parent=737"}],"curies":[{"name":"wp","href":"https:\/\/api.w.org\/{rel}","templated":true}]}}